{"id":2221,"date":"2016-11-08T14:04:43","date_gmt":"2016-11-08T13:04:43","guid":{"rendered":"http:\/\/new.bifi.es\/es\/development-group\/"},"modified":"2016-12-27T10:39:42","modified_gmt":"2016-12-27T09:39:42","slug":"grupo-de-desarrollo","status":"publish","type":"page","link":"https:\/\/bifi.es\/es\/grupo-de-desarrollo\/","title":{"rendered":"Grupo de Desarrollo"},"content":{"rendered":"<div class=\"wpb-content-wrapper\">[mk_page_section bg_image=\u00bbhttps:\/\/bifi.es\/wp-content\/uploads\/2016\/11\/innovation_innovacion_bifi-1.jpg\u00bb bg_position=\u00bbcenter top\u00bb bg_repeat=\u00bbno-repeat\u00bb bg_stretch=\u00bbtrue\u00bb enable_3d=\u00bbtrue\u00bb video_opacity=\u00bb0.7&#8243; min_height=\u00bb400&#8243; js_vertical_centered=\u00bbtrue\u00bb padding_top=\u00bb0&#8243; top_shape_color=\u00bb#ffffff\u00bb bottom_shape_color=\u00bb#ffffff\u00bb sidebar=\u00bbsidebar-1&#8243;][vc_column][mk_fancy_title tag_name=\u00bbh1&#8243; color=\u00bb#ffffff\u00bb size=\u00bb60&#8243; force_font_size=\u00bbtrue\u00bb size_tablet=\u00bb40&#8243; size_phone=\u00bb28&#8243; font_weight=\u00bb300&#8243; txt_transform=\u00bbuppercase\u00bb letter_spacing=\u00bb2&#8243; margin_bottom=\u00bb0&#8243; font_family=\u00bbLato\u00bb font_type=\u00bbgoogle\u00bb align=\u00bbcenter\u00bb]Grupo de Desarrollo<span style=\"color: #ef5142;\">.<\/span>[\/mk_fancy_title][\/vc_column][\/mk_page_section][vc_row fullwidth=\u00bbtrue\u00bb][vc_column][mk_divider style=\u00bbthin_solid\u00bb thin_color_style=\u00bbgradient_color\u00bb thin_grandient_color_from=\u00bb#da391a\u00bb thin_grandient_color_to=\u00bb#fcd404&#8243; thin_gradient_color_angle=\u00bbhorizontal\u00bb thin_grandient_color_fallback=\u00bb#da391a\u00bb thickness=\u00bb10&#8243; margin_top=\u00bb0&#8243; margin_bottom=\u00bb160&#8243;][\/vc_column][\/vc_row][vc_row][vc_column][vc_column_text]<strong>Responsable de la L\u00ednea de Investigaci\u00f3n:<\/strong><\/p>\n<p>Gonzalo Ruiz, <a href=\"mailto:gruiz@bifi.es\"><em>gruiz@bifi.es<\/em><\/a><\/p>\n<p><strong>Investigadores:<\/strong><\/p>\n<p>Alfredo Ferrer, <a href=\"mailto:aferrer@bifi.ess\"><em>aferrer@bifi.es<\/em><\/a><\/p>\n<p>&nbsp;<\/p>\n<h3><strong>RESUMEN<\/strong><\/h3>\n<p>El grupo de desarrollo pertenece al \u00e1rea de computaci\u00f3n del BIFI, y est\u00e1 formada por dos experimentados ingenieros en inform\u00e1tica.<\/p>\n<p>El principal objetivo de este equipo es investigar y dar soporte a la investigaci\u00f3n siempre que el desarrollo de software est\u00e9 involucrado en el proceso. Para conseguirlo, una de las tareas m\u00e1s importantes que se realizan es la participaci\u00f3n en proyectos de investigaci\u00f3n en los que colaboramos con empresas u otros grupos de investigaci\u00f3n. Estas colaboraciones est\u00e1n centradas en temas novedosos como BigData, an\u00e1lisis de Internet, redes sociales, computaci\u00f3n distribuida, nuevas tecnolog\u00edas en educaci\u00f3n, etc. Los niveles de colaboraci\u00f3n van desde peque\u00f1as contribuciones a empresas locales o grupos de investigaci\u00f3n hasta proyectos internacionales dentro del FPVII.<\/p>\n<p>La otra tarea que realizamos en el BIFI es dar soporte a aqu\u00e9llas investigaciones que se est\u00e9n llevando a cabo; mejorando y optimizando programas que ya existen, y realizando labors de consultor\u00eda sobre las mejores tecnolog\u00edas y t\u00e9cnicas para el desarrollo.<\/p>\n<h3><strong><img loading=\"lazy\" decoding=\"async\" class=\"wp-image-1326 aligncenter\" src=\"https:\/\/bifi.es\/wp-content\/uploads\/2016\/11\/00.jpg\" alt=\"00\" width=\"700\" height=\"462\" srcset=\"https:\/\/bifi.es\/wp-content\/uploads\/2016\/11\/00.jpg 1024w, https:\/\/bifi.es\/wp-content\/uploads\/2016\/11\/00-300x198.jpg 300w, https:\/\/bifi.es\/wp-content\/uploads\/2016\/11\/00-768x508.jpg 768w, https:\/\/bifi.es\/wp-content\/uploads\/2016\/11\/00-150x100.jpg 150w, https:\/\/bifi.es\/wp-content\/uploads\/2016\/11\/00-330x218.jpg 330w, https:\/\/bifi.es\/wp-content\/uploads\/2016\/11\/00-626x414.jpg 626w, https:\/\/bifi.es\/wp-content\/uploads\/2016\/11\/00-414x274.jpg 414w\" sizes=\"auto, (max-width: 700px) 100vw, 700px\" \/><\/strong><\/h3>\n<p>&nbsp;<\/p>\n<h3><strong>PUBLICACIONES RELEVANTES<\/strong><\/h3>\n<p><strong>1.-\u00a0Analysis of academic productivity based on Complex Networks.<\/strong> September 2015, R. \u00c1lvarez, E. Cahu\u00e9, J. Clemente-Gallardo, A. Ferrer, D. \u00cd\u00f1iguez, X. Mellado, A. Rivero, G. Ruiz, F. Sanz, E. Serrano, A. Taranc\u00f3n, Y. Vergara. Scientometrics, September 2015, Volume 104, Issue 3, pp 651-672.<\/p>\n<p><strong>2.-\u00a0RRLab: Remote Reality Laboratory to teach mechanics in schools.<\/strong> November 2013, Elisa Cauh\u00e9, Alfredo Ferrer, Gonzalo Ruiz, David \u00cd\u00f1iguez, Alfonso Taranc\u00f3n. Chapter 6 of the book \u201cIT Innovative Practices in Secondary Schools: Remote Experiments\u201d, Published by Deusto in 2013. ISBN: 978-84-15772-01-9<\/p>\n<p><strong>3.-\u00a0Hadoop Cloud SaaS access via WS-PGRADE adaptation.<\/strong> November 2012, Elisa Cauh\u00e9, Arturo Giner, Jaime Ibar, Gonzalo Ruiz, Ruben Vall\u00e9s. 6th IBERIAN GRID INFRASTRUCTURE CONFERENCE PROCEEDINGS Pages: 161-172 Published: 2013<\/p>\n<p><strong>4.-\u00a0Heterogeneous networks do not promote cooperation when humans play a Prisoner\u2018s Dilemma.<\/strong> 8th June 2012, Carlos Gracia-L\u00e1zaro, Alfredo Ferrer, Gonzalo Ruiz, Alfonso Taranc\u00f3n, Jos\u00e9 A. Cuesta, Angel S\u00e1nchez, and Yamir Moreno. PNAS, Vol. 109, no. 32.<\/p>\n<p><strong>5.-\u00a0OptiWeb: An optimization application for steel cut industries ported to the Grid in the framework of PireGrid project.<\/strong> 5th May 2011, \u201cProceedings of the 5th IBERGRID. ISBN: 978-84-9745-884-9\u201d<\/p>\n<p><strong>6.-\u00a0Structural and Dynamical Patterns on Online Social Networks: The Spanish May 15th Movement as a Case Study.<\/strong> 30th July 2011, Javier Borge-Holthoefer, Alejandro Rivero, \u00cd\u00f1igo Garc\u00eda, Elisa Cauh\u00e9, Alfredo Ferrer, Dar\u00edo Ferrer, David Francos, David \u00cd\u00f1iguez, Mar\u00eda Pilar P\u00e9rez, Gonzalo Ruiz, Francisco Sanz, Ferm\u00edn Serrano, Cristina Vi\u00f1as, Alfonso Taranc\u00f3n, Yamir Moreno . PLoS ONE 6(8): e23883, 2011.<\/p>\n<p>&nbsp;<\/p>\n<h3><strong>PRINCIPALES PROYECTOS DE INVESTIGACI\u00d3N<\/strong><\/h3>\n<p>1.-\u00a0Participamos en el Proyecto \u201cArag\u00f3n Open Data\u201d, desarrollando la parte social, que consiste en recopilar informaci\u00f3n de Internet (redes sociales, prensa, etc.) relacionada con Arag\u00f3n y present\u00e1ndola en un format estructurado mediante una API para proveer a los ciudadanos herramientas para hacer sus propias aplicaciones.<\/p>\n<p>2.-\u00a0Desarrollo de la aplicaci\u00f3n llamada\u00a0<a href=\"http:\/\/kampal.unizar.es\/\">Kampal<\/a>,\u00a0 que crea y estudia las redes formadas por los miembros de la Universidad de Zaragoza a trav\u00e9s de sus investigaciones y proyectos. El \u00e9nfasis se realiza en las relaciones entre personas y en la din\u00e1mica de interacci\u00f3n en lugar de en propiedades individuales.<\/p>\n<p><img loading=\"lazy\" decoding=\"async\" class=\"wp-image-1137 aligncenter\" src=\"https:\/\/bifi.es\/wp-content\/uploads\/2016\/11\/2-2.jpg\" alt=\"2\" width=\"761\" height=\"137\" srcset=\"https:\/\/bifi.es\/wp-content\/uploads\/2016\/11\/2-2.jpg 1400w, https:\/\/bifi.es\/wp-content\/uploads\/2016\/11\/2-2-300x54.jpg 300w, https:\/\/bifi.es\/wp-content\/uploads\/2016\/11\/2-2-768x137.jpg 768w, https:\/\/bifi.es\/wp-content\/uploads\/2016\/11\/2-2-1024x183.jpg 1024w, https:\/\/bifi.es\/wp-content\/uploads\/2016\/11\/2-2-330x59.jpg 330w, https:\/\/bifi.es\/wp-content\/uploads\/2016\/11\/2-2-736x131.jpg 736w, https:\/\/bifi.es\/wp-content\/uploads\/2016\/11\/2-2-1280x229.jpg 1280w, https:\/\/bifi.es\/wp-content\/uploads\/2016\/11\/2-2-414x74.jpg 414w\" sizes=\"auto, (max-width: 761px) 100vw, 761px\" \/><\/p>\n<p>3.-\u00a0Desarrollo de una plataforma que incluye distintas unidades did\u00e1cticas centradas en el studio del Sistema solar a trav\u00e9s de gestos gracias al dispositivo Microsoft Kinect. Estas unidades fueron desarrolladas en colaboraci\u00f3n con el colegio Juan de Lanuza en el context de su c\u00e1tefra de innovaci\u00f3n.<\/p>\n<p>4.-\u00a0Participaci\u00f3n en SEPS, Proyecto INNPACTO que trata de predecir diferentes tipos de riesgos en redes el\u00e9ctricas, y estudiar su impacto si suceden. En este Proyecto colaboramos con empresas y grupos de investigaci\u00f3n como Gas Natural Fenosa, Telvent (actualmente Schneider Electric), la Universidad Carlos III o la Universidad de L\u00e9rida.<\/p>\n<p>5.-\u00a0<a href=\"http:\/\/rrlab.bifi.es\/\">RRLab<\/a>\u00a0(Laboratorio de Realidad Remota): este Proyecto, pensado con fines educatios, consiste en la creaci\u00f3n de una plataforma web para la realizaci\u00f3n de experimentos de f\u00edsica de forma remota con el objetivo de permitir a los alumnos comparar los resultados te\u00f3ricos con la realidad.<\/p>\n<p><img loading=\"lazy\" decoding=\"async\" class=\"wp-image-1139 aligncenter\" src=\"https:\/\/bifi.es\/wp-content\/uploads\/2016\/11\/3-2.jpg\" alt=\"3\" width=\"760\" height=\"570\" srcset=\"https:\/\/bifi.es\/wp-content\/uploads\/2016\/11\/3-2.jpg 600w, https:\/\/bifi.es\/wp-content\/uploads\/2016\/11\/3-2-300x225.jpg 300w, https:\/\/bifi.es\/wp-content\/uploads\/2016\/11\/3-2-330x248.jpg 330w, https:\/\/bifi.es\/wp-content\/uploads\/2016\/11\/3-2-552x414.jpg 552w, https:\/\/bifi.es\/wp-content\/uploads\/2016\/11\/3-2-414x311.jpg 414w\" sizes=\"auto, (max-width: 760px) 100vw, 760px\" \/><\/p>\n<p>6.-\u00a0<a href=\"http:\/\/dilema.ibercivis.es\/\">Experimento del Dilemma del Prisionero<\/a>: desarrollamos una plataforma web para la realizaci\u00f3n de experimentos colectivos para el studio del comportamiento de las personas dependiendo de la estructura de su organizaci\u00f3n. Esta plataforma ha sido usadad para llevar a cabao dos experimentos diferentes por el momento, y en uno de ellos participaron m\u00e1s de 1300 alumnos en tiempo real. Durante los \u00faltimos a\u00f1os hemos hecho diferentes cambios y mejoras en la plataforma para estudiar diferentes par\u00e1metros y variables y c\u00f3mo afectan al comportamiento de la gente.<\/p>\n<p><img loading=\"lazy\" decoding=\"async\" class=\"wp-image-1362 aligncenter\" src=\"https:\/\/bifi.es\/wp-content\/uploads\/2016\/11\/prisoner_dilemma.jpg\" alt=\"prisoner_dilemma\" width=\"759\" height=\"506\" srcset=\"https:\/\/bifi.es\/wp-content\/uploads\/2016\/11\/prisoner_dilemma.jpg 1400w, https:\/\/bifi.es\/wp-content\/uploads\/2016\/11\/prisoner_dilemma-300x200.jpg 300w, https:\/\/bifi.es\/wp-content\/uploads\/2016\/11\/prisoner_dilemma-768x512.jpg 768w, https:\/\/bifi.es\/wp-content\/uploads\/2016\/11\/prisoner_dilemma-1024x682.jpg 1024w, https:\/\/bifi.es\/wp-content\/uploads\/2016\/11\/prisoner_dilemma-150x100.jpg 150w, https:\/\/bifi.es\/wp-content\/uploads\/2016\/11\/prisoner_dilemma-330x220.jpg 330w, https:\/\/bifi.es\/wp-content\/uploads\/2016\/11\/prisoner_dilemma-900x600.jpg 900w, https:\/\/bifi.es\/wp-content\/uploads\/2016\/11\/prisoner_dilemma-736x490.jpg 736w, https:\/\/bifi.es\/wp-content\/uploads\/2016\/11\/prisoner_dilemma-621x414.jpg 621w, https:\/\/bifi.es\/wp-content\/uploads\/2016\/11\/prisoner_dilemma-1280x853.jpg 1280w, https:\/\/bifi.es\/wp-content\/uploads\/2016\/11\/prisoner_dilemma-414x276.jpg 414w\" sizes=\"auto, (max-width: 759px) 100vw, 759px\" \/><\/p>\n<p>7.-\u00a0<a href=\"http:\/\/www.feelicity.es\/\">Feelicity<\/a>: fue un proyecto desarrollado con TEDxZaragoza para la geoetiquetaci\u00f3n de momentos felices de los usuarios.<\/p>\n<p><img loading=\"lazy\" decoding=\"async\" class=\"size-medium wp-image-1360 aligncenter\" src=\"https:\/\/bifi.es\/wp-content\/uploads\/2016\/11\/feelicity2-1.png\" alt=\"feelicity2\" width=\"300\" height=\"107\" srcset=\"https:\/\/bifi.es\/wp-content\/uploads\/2016\/11\/feelicity2-1.png 349w, https:\/\/bifi.es\/wp-content\/uploads\/2016\/11\/feelicity2-1-300x107.png 300w, https:\/\/bifi.es\/wp-content\/uploads\/2016\/11\/feelicity2-1-330x118.png 330w\" sizes=\"auto, (max-width: 300px) 100vw, 300px\" \/><\/p>\n<p>8.-\u00a0Colaboraci\u00f3n en el Proyecto<a href=\"http:\/\/www.ibercivis.es\/\">Ibercivis<\/a>\u00a0realizando distintas tareas de desarrollo (visualizaci\u00f3n, web, customizaci\u00f3n del cliente de BOINC, etc.)<\/p>\n<p><img loading=\"lazy\" decoding=\"async\" class=\"wp-image-1145 aligncenter\" src=\"https:\/\/bifi.es\/wp-content\/uploads\/2016\/11\/6-1.jpg\" alt=\"6\" width=\"760\" height=\"570\" srcset=\"https:\/\/bifi.es\/wp-content\/uploads\/2016\/11\/6-1.jpg 1400w, https:\/\/bifi.es\/wp-content\/uploads\/2016\/11\/6-1-300x225.jpg 300w, https:\/\/bifi.es\/wp-content\/uploads\/2016\/11\/6-1-768x576.jpg 768w, https:\/\/bifi.es\/wp-content\/uploads\/2016\/11\/6-1-1024x768.jpg 1024w, https:\/\/bifi.es\/wp-content\/uploads\/2016\/11\/6-1-330x248.jpg 330w, https:\/\/bifi.es\/wp-content\/uploads\/2016\/11\/6-1-552x414.jpg 552w, https:\/\/bifi.es\/wp-content\/uploads\/2016\/11\/6-1-1280x960.jpg 1280w, https:\/\/bifi.es\/wp-content\/uploads\/2016\/11\/6-1-414x311.jpg 414w\" sizes=\"auto, (max-width: 760px) 100vw, 760px\" \/><\/p>\n<p>9.-\u00a0Participaci\u00f3n en el Proyecto STEREA \u201cOptimizaci\u00f3n de Recursos H\u00eddricos y Telegesti\u00f3n de Regad\u00edo\u201d que consisti\u00f3 en una de las primeras aplicaciones web desarrolladas para gestionar los sistemas de riego de diferentes campos con el objetivo de optimizar los recursos, reduciendo los costs, e incrementando la productividad.<\/p>\n<p>10.-\u00a0Participaci\u00f3n en el proyecto <a href=\"http:\/\/www.sci-bus.eu\/\">SCIBUS<\/a> del FPVII programa marco, cuyo objetivo fue crear un portal de prop\u00f3sito gen\u00e9rico con una serie de herramientas para proveer un acceso sencillo y transparente a infraestructuras de computaci\u00f3n, datos, red y servicios en Europa, incluyendo clusters, superordenadores, grids, desktop grids, y clouds acad\u00e9micos y comerciales.<\/p>\n<p>11.- <a href=\"http:\/\/15m.bifi.es\/\">Estudio del movimiento 15M<\/a>\u00a0 en Twitter: en este caso, el grupo se encarg\u00f3 de diferentes tareas relacionadas con el studio como visualizaci\u00f3n, recogida y procesado de datos, etc.<\/p>\n<p><img loading=\"lazy\" decoding=\"async\" class=\"wp-image-1147 aligncenter\" src=\"https:\/\/bifi.es\/wp-content\/uploads\/2016\/11\/7.jpg\" alt=\"7\" width=\"761\" height=\"568\" srcset=\"https:\/\/bifi.es\/wp-content\/uploads\/2016\/11\/7.jpg 608w, https:\/\/bifi.es\/wp-content\/uploads\/2016\/11\/7-300x224.jpg 300w, https:\/\/bifi.es\/wp-content\/uploads\/2016\/11\/7-330x246.jpg 330w, https:\/\/bifi.es\/wp-content\/uploads\/2016\/11\/7-554x414.jpg 554w, https:\/\/bifi.es\/wp-content\/uploads\/2016\/11\/7-414x309.jpg 414w\" sizes=\"auto, (max-width: 761px) 100vw, 761px\" \/><\/p>\n<p>12.- Optiweb: este proyecto fue desarrollado a principios de 2011 en colaboraci\u00f3n con la empresa Schnell Software, que consisti\u00f3 en la optimizaci\u00f3n de uno de sus productos de software para que utilizara una infraestructura GRID en su ejecuci\u00f3n, mejorando as\u00ed el rendimiento.[\/vc_column_text][\/vc_column][\/vc_row][vc_row][vc_column][mk_padding_divider size=\u00bb140&#8243;][\/vc_column][\/vc_row]\n<\/div>","protected":false},"excerpt":{"rendered":"<p>[mk_page_section bg_image=\u00bbhttps:\/\/bifi.es\/wp-content\/uploads\/2016\/11\/innovation_innovacion_bifi-1.jpg\u00bb bg_position=\u00bbcenter top\u00bb bg_repeat=\u00bbno-repeat\u00bb bg_stretch=\u00bbtrue\u00bb enable_3d=\u00bbtrue\u00bb video_opacity=\u00bb0.7&#8243; min_height=\u00bb400&#8243; js_vertical_centered=\u00bbtrue\u00bb padding_top=\u00bb0&#8243; top_shape_color=\u00bb#ffffff\u00bb bottom_shape_color=\u00bb#ffffff\u00bb sidebar=\u00bbsidebar-1&#8243;][vc_column][mk_fancy_title tag_name=\u00bbh1&#8243; color=\u00bb#ffffff\u00bb size=\u00bb60&#8243; force_font_size=\u00bbtrue\u00bb size_tablet=\u00bb40&#8243; size_phone=\u00bb28&#8243; font_weight=\u00bb300&#8243; txt_transform=\u00bbuppercase\u00bb letter_spacing=\u00bb2&#8243; margin_bottom=\u00bb0&#8243; font_family=\u00bbLato\u00bb font_type=\u00bbgoogle\u00bb align=\u00bbcenter\u00bb]Grupo de Desarrollo.[\/mk_fancy_title][\/vc_column][\/mk_page_section][vc_row fullwidth=\u00bbtrue\u00bb][vc_column][mk_divider [&hellip;]<\/p>\n","protected":false},"author":2,"featured_media":0,"parent":0,"menu_order":0,"comment_status":"closed","ping_status":"closed","template":"","meta":{"footnotes":""},"class_list":["post-2221","page","type-page","status-publish","hentry"],"_links":{"self":[{"href":"https:\/\/bifi.es\/es\/wp-json\/wp\/v2\/pages\/2221","targetHints":{"allow":["GET"]}}],"collection":[{"href":"https:\/\/bifi.es\/es\/wp-json\/wp\/v2\/pages"}],"about":[{"href":"https:\/\/bifi.es\/es\/wp-json\/wp\/v2\/types\/page"}],"author":[{"embeddable":true,"href":"https:\/\/bifi.es\/es\/wp-json\/wp\/v2\/users\/2"}],"replies":[{"embeddable":true,"href":"https:\/\/bifi.es\/es\/wp-json\/wp\/v2\/comments?post=2221"}],"version-history":[{"count":5,"href":"https:\/\/bifi.es\/es\/wp-json\/wp\/v2\/pages\/2221\/revisions"}],"predecessor-version":[{"id":3899,"href":"https:\/\/bifi.es\/es\/wp-json\/wp\/v2\/pages\/2221\/revisions\/3899"}],"wp:attachment":[{"href":"https:\/\/bifi.es\/es\/wp-json\/wp\/v2\/media?parent=2221"}],"curies":[{"name":"wp","href":"https:\/\/api.w.org\/{rel}","templated":true}]}}