{"id":2222,"date":"2016-11-01T17:46:47","date_gmt":"2016-11-01T16:46:47","guid":{"rendered":"http:\/\/new.bifi.es\/es\/directors-welcome\/"},"modified":"2019-05-13T14:59:41","modified_gmt":"2019-05-13T12:59:41","slug":"bienvenida-director","status":"publish","type":"page","link":"https:\/\/bifi.es\/es\/bienvenida-director\/","title":{"rendered":"Bienvenida del Director"},"content":{"rendered":"<div class=\"wpb-content-wrapper\">[mk_page_section bg_image=\u00bbhttps:\/\/bifi.es\/wp-content\/uploads\/2016\/11\/institute-bn-1.jpg\u00bb bg_position=\u00bbcenter top\u00bb bg_repeat=\u00bbno-repeat\u00bb bg_stretch=\u00bbtrue\u00bb enable_3d=\u00bbtrue\u00bb video_opacity=\u00bb0.7&#8243; min_height=\u00bb400&#8243; js_vertical_centered=\u00bbtrue\u00bb padding_top=\u00bb0&#8243; top_shape_color=\u00bb#ffffff\u00bb bottom_shape_color=\u00bb#ffffff\u00bb sidebar=\u00bbsidebar-1&#8243;][vc_column][mk_fancy_title tag_name=\u00bbh1&#8243; color=\u00bb#ffffff\u00bb size=\u00bb60&#8243; force_font_size=\u00bbtrue\u00bb size_tablet=\u00bb40&#8243; size_phone=\u00bb28&#8243; font_weight=\u00bb300&#8243; txt_transform=\u00bbuppercase\u00bb letter_spacing=\u00bb2&#8243; margin_bottom=\u00bb0&#8243; font_family=\u00bbLato\u00bb font_type=\u00bbgoogle\u00bb align=\u00bbcenter\u00bb]<span style=\"color: #ffffff;\">BIENVENIDA DEL DIRECTOR<\/span><span style=\"color: #ef5142;\">.<\/span>[\/mk_fancy_title][\/vc_column][\/mk_page_section][vc_row fullwidth=\u00bbtrue\u00bb][vc_column][mk_divider style=\u00bbthin_solid\u00bb thin_color_style=\u00bbgradient_color\u00bb thin_grandient_color_from=\u00bb#da391a\u00bb thin_grandient_color_to=\u00bb#fcd404&#8243; thin_gradient_color_angle=\u00bbhorizontal\u00bb thin_grandient_color_fallback=\u00bb#ef5241&#8243; thickness=\u00bb10&#8243; margin_top=\u00bb0&#8243; margin_bottom=\u00bb80&#8243;][\/vc_column][\/vc_row][vc_row][vc_column width=\u00bb5\/6&#8243;][mk_fancy_title tag_name=\u00bbh4&#8243; size=\u00bb40&#8243; font_weight=\u00bb300&#8243; letter_spacing=\u00bb1&#8243; font_family=\u00bbnone\u00bb]Bienvenidos al Instituto de Biocomputaci\u00f3n y F\u00edsica de Sistemas Complejos (BIFI) de la Universidad de Zaragoza.[\/mk_fancy_title][\/vc_column][vc_column width=\u00bb1\/6&#8243;][\/vc_column][\/vc_row][vc_row css=\u00bb.vc_custom_1478022836931{padding-bottom: 50px !important;}\u00bb][vc_column width=\u00bb6\/12&#8243;][vc_column_text css=\u00bb.vc_custom_1557752375805{margin-bottom: 0px !important;}\u00bb]Uno de los rasgos distintivos de la Ciencia del Siglo XXI es su car\u00e1cter inter y multidisciplinar. Fue precisamente esta idea la que impuls\u00f3 y promovi\u00f3 la creaci\u00f3n del Instituto de Biocomputaci\u00f3n y F\u00edsica de Sistemas Complejos (BIFI) de la Universidad de Zaragoza en el a\u00f1o 2002. El objetivo era crear un espacio en el que cient\u00edficos con diversa formaci\u00f3n y experiencia investigadora pudiesen resolver, a trav\u00e9s de las matem\u00e1ticas, la F\u00edsica, la Computaci\u00f3n y la Biolog\u00eda, una serie de problemas complejos que se encuentran en la frontera entre estas disciplinas y otras ramas de la Ciencia.<\/p>\n<p>Hoy en d\u00eda, podemos decir que nuestros objetivos fundacionales se han cumplido con \u00e9xito y que en el BIFI estudiamos una gran diversidad de sistemas complejos que abarcan desde la estructura y la din\u00e1mica de sistemas sociales a gran escala, a diferentes problemas en el campo de la Biolog\u00eda celular y molecular, las redes de prote\u00ednas o la propagaci\u00f3n de epidemias. Nuestros investigadores combinan teor\u00eda, simulaciones num\u00e9ricas y trabajo experimental para intentar resolver problemas espec\u00edficos con un gran impacto social como, por ejemplo, el desarrollo de nuevos f\u00e1rmacos y una mejor comprensi\u00f3n de los fen\u00f3menos sociales colectivos.<\/p>\n<p>Los objetivos del BIFI siguen siendo los mismos que ten\u00edamos en un inicio: alcanzar la excelencia cient\u00edfica, transferir el conocimiento b\u00e1sico, fomentar la innovaci\u00f3n y preparar a una nueva generaci\u00f3n de j\u00f3venes cient\u00edficos en el uso de t\u00e9cnicas y m\u00e9todos de diferentes disciplinas. En el BIFI, adem\u00e1s, promovemos una cultura cient\u00edfica abierta e innovadora, as\u00ed como el desarrollo de una red de colaboraciones con distintos grupos, compa\u00f1\u00edas e instituciones de reconocido prestigio tanto a nivel nacional como internacional.<\/p>\n<p>Si usted tiene alguna iniciativa o cree que puede trabajar con nosotros en alguno de estos objetivos, por favor, no dude en contactarnos.<\/p>\n<p>Atentamente,[\/vc_column_text][vc_column_text css=\u00bb.vc_custom_1557751963594{margin-bottom: 0px !important;}\u00bb]<strong>Yamir Moreno<\/strong><br \/>\nDirector del BIFI<br \/>\nResponsable del Grupo de Redes y Sistemas Complejos (COSNET)[\/vc_column_text][mk_padding_divider size=\u00bb30&#8243;][\/vc_column][vc_column width=\u00bb1\/12&#8243;][\/vc_column][vc_column width=\u00bb5\/12&#8243;][vc_single_image image=\u00bb5186&#8243; img_size=\u00bbfull\u00bb][\/vc_column][\/vc_row]\n<\/div>","protected":false},"excerpt":{"rendered":"<p>[mk_page_section bg_image=\u00bbhttps:\/\/bifi.es\/wp-content\/uploads\/2016\/11\/institute-bn-1.jpg\u00bb bg_position=\u00bbcenter top\u00bb bg_repeat=\u00bbno-repeat\u00bb bg_stretch=\u00bbtrue\u00bb enable_3d=\u00bbtrue\u00bb video_opacity=\u00bb0.7&#8243; min_height=\u00bb400&#8243; js_vertical_centered=\u00bbtrue\u00bb padding_top=\u00bb0&#8243; top_shape_color=\u00bb#ffffff\u00bb bottom_shape_color=\u00bb#ffffff\u00bb sidebar=\u00bbsidebar-1&#8243;][vc_column][mk_fancy_title tag_name=\u00bbh1&#8243; color=\u00bb#ffffff\u00bb size=\u00bb60&#8243; force_font_size=\u00bbtrue\u00bb size_tablet=\u00bb40&#8243; size_phone=\u00bb28&#8243; font_weight=\u00bb300&#8243; txt_transform=\u00bbuppercase\u00bb letter_spacing=\u00bb2&#8243; margin_bottom=\u00bb0&#8243; font_family=\u00bbLato\u00bb font_type=\u00bbgoogle\u00bb align=\u00bbcenter\u00bb]BIENVENIDA DEL DIRECTOR.[\/mk_fancy_title][\/vc_column][\/mk_page_section][vc_row fullwidth=\u00bbtrue\u00bb][vc_column][mk_divider [&hellip;]<\/p>\n","protected":false},"author":8,"featured_media":0,"parent":0,"menu_order":0,"comment_status":"closed","ping_status":"closed","template":"","meta":{"footnotes":""},"class_list":["post-2222","page","type-page","status-publish","hentry"],"_links":{"self":[{"href":"https:\/\/bifi.es\/es\/wp-json\/wp\/v2\/pages\/2222","targetHints":{"allow":["GET"]}}],"collection":[{"href":"https:\/\/bifi.es\/es\/wp-json\/wp\/v2\/pages"}],"about":[{"href":"https:\/\/bifi.es\/es\/wp-json\/wp\/v2\/types\/page"}],"author":[{"embeddable":true,"href":"https:\/\/bifi.es\/es\/wp-json\/wp\/v2\/users\/8"}],"replies":[{"embeddable":true,"href":"https:\/\/bifi.es\/es\/wp-json\/wp\/v2\/comments?post=2222"}],"version-history":[{"count":9,"href":"https:\/\/bifi.es\/es\/wp-json\/wp\/v2\/pages\/2222\/revisions"}],"predecessor-version":[{"id":5193,"href":"https:\/\/bifi.es\/es\/wp-json\/wp\/v2\/pages\/2222\/revisions\/5193"}],"wp:attachment":[{"href":"https:\/\/bifi.es\/es\/wp-json\/wp\/v2\/media?parent=2222"}],"curies":[{"name":"wp","href":"https:\/\/api.w.org\/{rel}","templated":true}]}}