{"id":2225,"date":"2016-11-03T11:39:30","date_gmt":"2016-11-03T10:39:30","guid":{"rendered":"http:\/\/new.bifi.es\/es\/innovation\/"},"modified":"2025-11-07T10:22:08","modified_gmt":"2025-11-07T09:22:08","slug":"innovacion","status":"publish","type":"page","link":"https:\/\/bifi.es\/es\/innovacion\/","title":{"rendered":"Innovaci\u00f3n"},"content":{"rendered":"<div class=\"wpb-content-wrapper\">[mk_page_section bg_image=\u00bbhttps:\/\/bifi.es\/wp-content\/uploads\/2025\/11\/innovation.jpg\u00bb bg_position=\u00bbcenter top\u00bb bg_repeat=\u00bbno-repeat\u00bb bg_stretch=\u00bbtrue\u00bb enable_3d=\u00bbtrue\u00bb video_opacity=\u00bb0.7&#8243; min_height=\u00bb400&#8243; js_vertical_centered=\u00bbtrue\u00bb padding_top=\u00bb0&#8243; top_shape_color=\u00bb#ffffff\u00bb bottom_shape_color=\u00bb#ffffff\u00bb sidebar=\u00bbsidebar-1&#8243;][vc_column][mk_fancy_title tag_name=\u00bbh1&#8243; color=\u00bb#ffffff\u00bb size=\u00bb60&#8243; force_font_size=\u00bbtrue\u00bb size_tablet=\u00bb40&#8243; size_phone=\u00bb28&#8243; font_weight=\u00bb300&#8243; txt_transform=\u00bbuppercase\u00bb letter_spacing=\u00bb2&#8243; margin_bottom=\u00bb0&#8243; font_family=\u00bbLato\u00bb font_type=\u00bbgoogle\u00bb align=\u00bbcenter\u00bb]INNOVACI\u00d3N<span style=\"color: #ef5142;\">.<\/span>[\/mk_fancy_title][\/vc_column][\/mk_page_section][vc_row fullwidth=\u00bbtrue\u00bb][vc_column][mk_divider style=\u00bbthin_solid\u00bb thin_color_style=\u00bbgradient_color\u00bb thin_grandient_color_from=\u00bb#da391a\u00bb thin_grandient_color_to=\u00bb#fcd404&#8243; thin_gradient_color_angle=\u00bbhorizontal\u00bb thin_grandient_color_fallback=\u00bb#da391a\u00bb thickness=\u00bb10&#8243; margin_top=\u00bb0&#8243; margin_bottom=\u00bb160&#8243;][\/vc_column][\/vc_row][vc_row][vc_column width=\u00bb1\/3&#8243;][mk_fancy_title tag_name=\u00bbh4&#8243; size=\u00bb54&#8243; force_font_size=\u00bbtrue\u00bb size_tablet=\u00bb40&#8243; size_phone=\u00bb30&#8243; line_height=\u00bb95&#8243; font_weight=\u00bb300&#8243; font_family=\u00bbnone\u00bb]Compromiso[\/mk_fancy_title][vc_column_text]El car\u00e1cter innovador del Instituto BIFI se demuestra a trav\u00e9s de su actividad diaria y de la extraordinaria proyecci\u00f3n cient\u00edfica alcanzada en diferentes campos de investigaci\u00f3n durante la \u00faltima d\u00e9cada. Como instituci\u00f3n l\u00edder, estamos siempre abiertos a nuevos retos y colaboraciones, tanto con empresas como con instituciones cient\u00edficas y acad\u00e9micas. Bas\u00e1ndonos, principalmente, en una investigaci\u00f3n multidisciplinar, el BIFI ofrece sus servicios y experiencia a la sociedad mediante la transferencia del conocimiento cient\u00edfico para contribuir al desarrollo social.[\/vc_column_text][mk_padding_divider size=\u00bb30&#8243;][\/vc_column][vc_column width=\u00bb1\/3&#8243;][mk_fancy_title tag_name=\u00bbh4&#8243; size=\u00bb54&#8243; force_font_size=\u00bbtrue\u00bb size_tablet=\u00bb40&#8243; size_phone=\u00bb30&#8243; line_height=\u00bb95&#8243; font_weight=\u00bb300&#8243; font_family=\u00bbnone\u00bb]Eficiencia[\/mk_fancy_title][vc_column_text]<strong>El BIFI garantiza un alto grado de compromiso, dedicaci\u00f3n y organizaci\u00f3n eficiente<\/strong>. Nuestro deber es hacer un uso \u00f3ptimo de los fondos p\u00fablicos de financiaci\u00f3n con la finalidad de devolverlos a la sociedad en forma de importantes mejoras econ\u00f3micas y tecnol\u00f3gicas. En este contexto, el BIFI participa en diversas convocatorias a nivel nacional e internacional. Trabajamos cada d\u00eda por una sociedad mejor y m\u00e1s sostenible.[\/vc_column_text][mk_padding_divider size=\u00bb30&#8243;][\/vc_column][vc_column width=\u00bb1\/3&#8243;][mk_padding_divider size=\u00bb100&#8243;][mk_button dimension=\u00bbflat\u00bb size=\u00bblarge\u00bb letter_spacing=\u00bb1&#8243; url=\u00bbhttps:\/\/bifi.es\/es\/grupo-de-apoyo-y-gestion\/\u00bb fullwidth=\u00bbtrue\u00bb bg_color=\u00bb#167090&#8243; btn_hover_bg=\u00bb#efefef\u00bb btn_hover_txt_color=\u00bb#167090&#8243;]GRUPO DE APOYO Y GESTI\u00d3N[\/mk_button][mk_button dimension=\u00bbflat\u00bb size=\u00bblarge\u00bb letter_spacing=\u00bb1&#8243; url=\u00bbhttps:\/\/bifi.es\/es\/oferta-tecnologica\/\u00bb fullwidth=\u00bbtrue\u00bb bg_color=\u00bb#167090&#8243; btn_hover_bg=\u00bb#efefef\u00bb btn_hover_txt_color=\u00bb#167090&#8243;]OFERTA TECNOL\u00d3GICA[\/mk_button][mk_button dimension=\u00bbflat\u00bb size=\u00bblarge\u00bb letter_spacing=\u00bb1&#8243; url=\u00bbhttps:\/\/bifi.es\/es\/grupo-de-desarrollo\/\u00bb fullwidth=\u00bbtrue\u00bb bg_color=\u00bb#167090&#8243; btn_hover_bg=\u00bb#efefef\u00bb btn_hover_txt_color=\u00bb#167090&#8243;]GRUPO DE DESARROLLO[\/mk_button][\/vc_column][\/vc_row][vc_row][vc_column][mk_padding_divider size=\u00bb50&#8243;][\/vc_column][\/vc_row][vc_row][vc_column width=\u00bb2\/3&#8243;][mk_fancy_title tag_name=\u00bbh4&#8243; size=\u00bb30&#8243; force_font_size=\u00bbtrue\u00bb size_tablet=\u00bb40&#8243; size_phone=\u00bb30&#8243; line_height=\u00bb95&#8243; font_weight=\u00bb300&#8243; font_family=\u00bbnone\u00bb]Contacto[\/mk_fancy_title][vc_column_text]Si usted tiene alguna pregunta sobre nuestro trabajo o quiere proponer alg\u00fan tipo de colaboraci\u00f3n, por favor, contacte con la <strong>Unidad de Gesti\u00f3n de Proyectos<\/strong> a trav\u00e9s del tel\u00e9fono: <strong>(+34) 876 555 413<\/strong> o enviando un mensaje a: <strong>innovacion@bifi.es<\/strong><\/p>\n<p>Estudiaremos su caso detalladamente y le responderemos a la mayor brevedad posible. Muchas gracias.[\/vc_column_text][\/vc_column][vc_column width=\u00bb1\/3&#8243;][\/vc_column][\/vc_row][vc_row][vc_column][mk_padding_divider size=\u00bb140&#8243;][\/vc_column][\/vc_row]\n<\/div>","protected":false},"excerpt":{"rendered":"<p>[mk_page_section bg_image=\u00bbhttps:\/\/bifi.es\/wp-content\/uploads\/2025\/11\/innovation.jpg\u00bb bg_position=\u00bbcenter top\u00bb bg_repeat=\u00bbno-repeat\u00bb bg_stretch=\u00bbtrue\u00bb enable_3d=\u00bbtrue\u00bb video_opacity=\u00bb0.7&#8243; min_height=\u00bb400&#8243; js_vertical_centered=\u00bbtrue\u00bb padding_top=\u00bb0&#8243; top_shape_color=\u00bb#ffffff\u00bb bottom_shape_color=\u00bb#ffffff\u00bb sidebar=\u00bbsidebar-1&#8243;][vc_column][mk_fancy_title tag_name=\u00bbh1&#8243; color=\u00bb#ffffff\u00bb size=\u00bb60&#8243; force_font_size=\u00bbtrue\u00bb size_tablet=\u00bb40&#8243; size_phone=\u00bb28&#8243; font_weight=\u00bb300&#8243; txt_transform=\u00bbuppercase\u00bb letter_spacing=\u00bb2&#8243; margin_bottom=\u00bb0&#8243; font_family=\u00bbLato\u00bb font_type=\u00bbgoogle\u00bb align=\u00bbcenter\u00bb]INNOVACI\u00d3N.[\/mk_fancy_title][\/vc_column][\/mk_page_section][vc_row fullwidth=\u00bbtrue\u00bb][vc_column][mk_divider style=\u00bbthin_solid\u00bb thin_color_style=\u00bbgradient_color\u00bb [&hellip;]<\/p>\n","protected":false},"author":8,"featured_media":0,"parent":0,"menu_order":0,"comment_status":"closed","ping_status":"closed","template":"","meta":{"footnotes":""},"class_list":["post-2225","page","type-page","status-publish","hentry"],"_links":{"self":[{"href":"https:\/\/bifi.es\/es\/wp-json\/wp\/v2\/pages\/2225","targetHints":{"allow":["GET"]}}],"collection":[{"href":"https:\/\/bifi.es\/es\/wp-json\/wp\/v2\/pages"}],"about":[{"href":"https:\/\/bifi.es\/es\/wp-json\/wp\/v2\/types\/page"}],"author":[{"embeddable":true,"href":"https:\/\/bifi.es\/es\/wp-json\/wp\/v2\/users\/8"}],"replies":[{"embeddable":true,"href":"https:\/\/bifi.es\/es\/wp-json\/wp\/v2\/comments?post=2225"}],"version-history":[{"count":8,"href":"https:\/\/bifi.es\/es\/wp-json\/wp\/v2\/pages\/2225\/revisions"}],"predecessor-version":[{"id":2350,"href":"https:\/\/bifi.es\/es\/wp-json\/wp\/v2\/pages\/2225\/revisions\/2350"}],"wp:attachment":[{"href":"https:\/\/bifi.es\/es\/wp-json\/wp\/v2\/media?parent=2225"}],"curies":[{"name":"wp","href":"https:\/\/api.w.org\/{rel}","templated":true}]}}