{"id":2226,"date":"2016-11-01T12:12:53","date_gmt":"2016-11-01T11:12:53","guid":{"rendered":"http:\/\/new.bifi.es\/es\/institute\/"},"modified":"2017-01-13T15:10:00","modified_gmt":"2017-01-13T14:10:00","slug":"instituto","status":"publish","type":"page","link":"https:\/\/bifi.es\/es\/instituto\/","title":{"rendered":"Instituto"},"content":{"rendered":"<div class=\"wpb-content-wrapper\">[mk_page_section bg_image=\u00bbhttps:\/\/bifi.es\/wp-content\/uploads\/2016\/11\/institute-2.jpg\u00bb bg_position=\u00bbcenter top\u00bb bg_repeat=\u00bbno-repeat\u00bb bg_stretch=\u00bbtrue\u00bb enable_3d=\u00bbtrue\u00bb video_opacity=\u00bb0.7&#8243; min_height=\u00bb400&#8243; js_vertical_centered=\u00bbtrue\u00bb padding_top=\u00bb0&#8243; top_shape_color=\u00bb#ffffff\u00bb bottom_shape_color=\u00bb#ffffff\u00bb sidebar=\u00bbsidebar-1&#8243;][vc_column][mk_fancy_title tag_name=\u00bbh1&#8243; color=\u00bb#ffffff\u00bb size=\u00bb60&#8243; force_font_size=\u00bbtrue\u00bb size_tablet=\u00bb40&#8243; size_phone=\u00bb28&#8243; font_weight=\u00bb300&#8243; txt_transform=\u00bbuppercase\u00bb letter_spacing=\u00bb2&#8243; margin_bottom=\u00bb0&#8243; font_family=\u00bbLato\u00bb font_type=\u00bbgoogle\u00bb align=\u00bbcenter\u00bb]<span style=\"color: #ffffff;\">instituto<\/span><span style=\"color: #ef5142;\">.<\/span>[\/mk_fancy_title][\/vc_column][\/mk_page_section][vc_row fullwidth=\u00bbtrue\u00bb][vc_column][mk_divider style=\u00bbthin_solid\u00bb thin_color_style=\u00bbgradient_color\u00bb thin_grandient_color_from=\u00bb#da391a\u00bb thin_grandient_color_to=\u00bb#fcd404&#8243; thin_gradient_color_angle=\u00bbhorizontal\u00bb thin_grandient_color_fallback=\u00bb#ef5241&#8243; thickness=\u00bb10&#8243; margin_top=\u00bb0&#8243; margin_bottom=\u00bb160&#8243;][\/vc_column][\/vc_row][vc_row css=\u00bb.vc_custom_1478002336562{padding-bottom: 50px !important;}\u00bb][vc_column width=\u00bb2\/3&#8243;][vc_column_text]<strong>El Instituto de Biocomputaci\u00f3n y F\u00edsica de Sistemas Complejos (BIFI)<\/strong> de la Universidad de Zaragoza (UNIZAR *) fue fundado en el a\u00f1o 2002 como parte de un esfuerzo colectivo orientado hacia la investigaci\u00f3n en ciencia b\u00e1sica y al desarrollo de nuevos conceptos, m\u00e9todos y herramientas de la Ciencia de los Sistemas Complejos con aplicaciones en diferentes campos cient\u00edficos tales como: Bioqu\u00edmica, F\u00edsica, Biolog\u00eda, Computaci\u00f3n, Matem\u00e1ticas, Ciencia Ciudadana, etc. El Instituto est\u00e1 financiado por el Gobierno de Arag\u00f3n y por la Universidad de Zaragoza.<\/p>\n<p>Durante estos a\u00f1os, el BIFI ha obtenido el reconocimiento de la comunidad cient\u00edfica en Espa\u00f1a y fuera de nuestras fronteras. Una parte importante de los recursos de computaci\u00f3n del BIFI se encuentra alojada en el Laboratorio de Supercomputaci\u00f3n. Tenemos hoy en d\u00eda, una potente y moderna infraestructura de computaci\u00f3n y el segundo cl\u00faster de ordenadores m\u00e1s grande de Espa\u00f1a. Nuestra infraestructura comprende un amplio conjunto de tecnolog\u00edas: HPC, Cl\u00fasteres de computaci\u00f3n, memoria compartida, la nube, computaci\u00f3n distribuida, entre otros.[\/vc_column_text][vc_column_text]Por otro lado, el instituto ha organizado y ha sido sede de importantes reuniones y conferencias cient\u00edficas a nivel nacional e internacional y muchos de sus investigadores han sido beneficiarios de proyectos de investigaci\u00f3n nacionales y de la Uni\u00f3n Europea.<\/p>\n<p>La investigaci\u00f3n l\u00edder en ciencia b\u00e1sica y la promoci\u00f3n de la transferencia tecnol\u00f3gica entre Universidad e Industria es uno de nuestros objetivos fundamentales. El BIFI es un centro de investigaci\u00f3n innovador, joven, din\u00e1mico y multidisciplinar, donde bi\u00f3logos, f\u00edsicos, inform\u00e1ticos y matem\u00e1ticos interact\u00faan entre s\u00ed, compartiendo las t\u00e9cnicas y los m\u00e9todos de sus respectivas l\u00edneas de investigaci\u00f3n, as\u00ed como las nuevas conclusiones y enfoques extra\u00eddos de la Teor\u00eda de Sistemas Complejos. Todo en nuestra actividad diaria est\u00e1 conectado.[\/vc_column_text][vc_empty_space height=\u00bb65px\u00bb][mk_custom_box overlay_color=\u00bb#e2e2e2&#8243;][vc_column_text]* La Universidad de Zaragoza (<a href=\"http:\/\/www.unizar.es\">http:\/\/www.unizar.es<\/a>) fue fundada en el a\u00f1o 1542 y se encuentra ubicada en la capital de la Comunidad Aut\u00f3noma de Arag\u00f3n. Dicha universidad es el principal centro de innovaci\u00f3n tecnol\u00f3gica en el Valle del Ebro. En la actualidad, cuenta con m\u00e1s de 35.000 estudiantes matriculados y m\u00e1s de 3.500 profesionales (docentes e investigadores) distribuidos en diferentes facultades y centros de investigaci\u00f3n. Entre las principales \u00e1reas de estudio se encuentran: Humanidades, Ciencias Naturales, Sociales, Medicina e Ingenier\u00eda.[\/vc_column_text][\/mk_custom_box][mk_padding_divider size=\u00bb30&#8243;][\/vc_column][vc_column width=\u00bb1\/3&#8243;][vc_single_image image=\u00bb1490&#8243; img_size=\u00bbfull\u00bb css_animation=\u00bbright-to-left\u00bb][vc_single_image image=\u00bb1492&#8243; img_size=\u00bbfull\u00bb css_animation=\u00bbright-to-left\u00bb][vc_single_image image=\u00bb1494&#8243; img_size=\u00bbfull\u00bb css_animation=\u00bbright-to-left\u00bb][\/vc_column][\/vc_row]\n<\/div>","protected":false},"excerpt":{"rendered":"<p>[mk_page_section bg_image=\u00bbhttps:\/\/bifi.es\/wp-content\/uploads\/2016\/11\/institute-2.jpg\u00bb bg_position=\u00bbcenter top\u00bb bg_repeat=\u00bbno-repeat\u00bb bg_stretch=\u00bbtrue\u00bb enable_3d=\u00bbtrue\u00bb video_opacity=\u00bb0.7&#8243; min_height=\u00bb400&#8243; js_vertical_centered=\u00bbtrue\u00bb padding_top=\u00bb0&#8243; top_shape_color=\u00bb#ffffff\u00bb bottom_shape_color=\u00bb#ffffff\u00bb sidebar=\u00bbsidebar-1&#8243;][vc_column][mk_fancy_title tag_name=\u00bbh1&#8243; color=\u00bb#ffffff\u00bb size=\u00bb60&#8243; force_font_size=\u00bbtrue\u00bb size_tablet=\u00bb40&#8243; size_phone=\u00bb28&#8243; font_weight=\u00bb300&#8243; txt_transform=\u00bbuppercase\u00bb letter_spacing=\u00bb2&#8243; margin_bottom=\u00bb0&#8243; font_family=\u00bbLato\u00bb font_type=\u00bbgoogle\u00bb align=\u00bbcenter\u00bb]instituto.[\/mk_fancy_title][\/vc_column][\/mk_page_section][vc_row fullwidth=\u00bbtrue\u00bb][vc_column][mk_divider style=\u00bbthin_solid\u00bb thin_color_style=\u00bbgradient_color\u00bb [&hellip;]<\/p>\n","protected":false},"author":8,"featured_media":0,"parent":0,"menu_order":0,"comment_status":"closed","ping_status":"closed","template":"","meta":{"footnotes":""},"class_list":["post-2226","page","type-page","status-publish","hentry"],"_links":{"self":[{"href":"https:\/\/bifi.es\/es\/wp-json\/wp\/v2\/pages\/2226","targetHints":{"allow":["GET"]}}],"collection":[{"href":"https:\/\/bifi.es\/es\/wp-json\/wp\/v2\/pages"}],"about":[{"href":"https:\/\/bifi.es\/es\/wp-json\/wp\/v2\/types\/page"}],"author":[{"embeddable":true,"href":"https:\/\/bifi.es\/es\/wp-json\/wp\/v2\/users\/8"}],"replies":[{"embeddable":true,"href":"https:\/\/bifi.es\/es\/wp-json\/wp\/v2\/comments?post=2226"}],"version-history":[{"count":6,"href":"https:\/\/bifi.es\/es\/wp-json\/wp\/v2\/pages\/2226\/revisions"}],"predecessor-version":[{"id":3942,"href":"https:\/\/bifi.es\/es\/wp-json\/wp\/v2\/pages\/2226\/revisions\/3942"}],"wp:attachment":[{"href":"https:\/\/bifi.es\/es\/wp-json\/wp\/v2\/media?parent=2226"}],"curies":[{"name":"wp","href":"https:\/\/api.w.org\/{rel}","templated":true}]}}