{"id":2228,"date":"2016-11-04T11:23:52","date_gmt":"2016-11-04T11:23:52","guid":{"rendered":"http:\/\/new.bifi.es\/es\/management-and-support-group\/"},"modified":"2016-12-19T12:28:12","modified_gmt":"2016-12-19T12:28:12","slug":"grupo-de-apoyo-y-gestion","status":"publish","type":"page","link":"https:\/\/bifi.es\/es\/grupo-de-apoyo-y-gestion\/","title":{"rendered":"Grupo de Apoyo y Gesti\u00f3n"},"content":{"rendered":"<div class=\"wpb-content-wrapper\">[mk_page_section bg_image=\u00bbhttps:\/\/bifi.es\/wp-content\/uploads\/2016\/11\/innovation_innovacion_bifi-1.jpg\u00bb bg_position=\u00bbcenter top\u00bb bg_repeat=\u00bbno-repeat\u00bb bg_stretch=\u00bbtrue\u00bb enable_3d=\u00bbtrue\u00bb video_opacity=\u00bb0.7&#8243; min_height=\u00bb400&#8243; js_vertical_centered=\u00bbtrue\u00bb padding_top=\u00bb0&#8243; top_shape_color=\u00bb#ffffff\u00bb bottom_shape_color=\u00bb#ffffff\u00bb sidebar=\u00bbsidebar-1&#8243;][vc_column][mk_fancy_title tag_name=\u00bbh1&#8243; color=\u00bb#ffffff\u00bb size=\u00bb60&#8243; force_font_size=\u00bbtrue\u00bb size_tablet=\u00bb40&#8243; size_phone=\u00bb28&#8243; font_weight=\u00bb300&#8243; txt_transform=\u00bbuppercase\u00bb letter_spacing=\u00bb2&#8243; margin_bottom=\u00bb0&#8243; font_family=\u00bbLato\u00bb font_type=\u00bbgoogle\u00bb align=\u00bbcenter\u00bb]Grupo de Apoyo y Gesti\u00f3n<span style=\"color: #ef5142;\">.<\/span>[\/mk_fancy_title][\/vc_column][\/mk_page_section][vc_row fullwidth=\u00bbtrue\u00bb][vc_column][mk_divider style=\u00bbthin_solid\u00bb thin_color_style=\u00bbgradient_color\u00bb thin_grandient_color_from=\u00bb#da391a\u00bb thin_grandient_color_to=\u00bb#fcd404&#8243; thin_gradient_color_angle=\u00bbhorizontal\u00bb thin_grandient_color_fallback=\u00bb#da391a\u00bb thickness=\u00bb10&#8243; margin_top=\u00bb0&#8243; margin_bottom=\u00bb160&#8243;][\/vc_column][\/vc_row][vc_row][vc_column][vc_column_text]\n<h2><strong>Nuestro trabajo<\/strong><\/h2>\n<p><strong>El Grupo de Gesti\u00f3n de Proyectos<\/strong> apoya las iniciativas de los miembros del BIFI, ayudando en las diferentes etapas relacionadas con la concepci\u00f3n y el desarrollo de nuevos proyectos. Tambi\u00e9n fomentamos la transferencia de conocimientos a la sociedad.<\/p>\n<p>Nuestro grupo colabora activamente con el resto de servicios de gesti\u00f3n de la Universidad de Zaragoza (OTRI, OPE y SGI) y con otros foros como cl\u00fasters, plataformas tecnol\u00f3gicas o redes de excelencia.<\/p>\n<p>Las tareas llevadas a cabo por la Unidad de Gesti\u00f3n de Proyectos en el BIFI son:<\/p>\n<ul>\n<li>Identificar nuevas oportunidades de financiaci\u00f3n a todos los niveles, as\u00ed como posibles transferencias tecnol\u00f3gicas.<\/li>\n<li>El desarrollo de nuevos proyectos de colaboraci\u00f3n y su posterior gesti\u00f3n.<\/li>\n<li>La protecci\u00f3n de los resultados y la creaci\u00f3n de patentes y empresas Spin-off.<\/li>\n<li>Difundir informaci\u00f3n de inter\u00e9s sobre la oferta cient\u00edfica y tecnol\u00f3gica.<\/li>\n<li>Fomentar la interacci\u00f3n con otros desarrolladores tecnol\u00f3gicos.<\/li>\n<li>Representar al Instituto en las diferentes \u00e1reas de negocio y empresariales.<\/li>\n<\/ul>\n<p>&nbsp;<\/p>\n<h2><strong>Resultados<\/strong><\/h2>\n<p>En los \u00faltimos a\u00f1os, la gesti\u00f3n y apoyo del Grupo ha ayudado a obtener un gran n\u00famero de proyectos de\u00a0investigaci\u00f3n de concurrencia competitiva (H2020, Interreg, MINECO, Gobierno de Arag\u00f3n) y proyectos colaborativos con empresas a trav\u00e9s de contratos privados, con una financiaci\u00f3n total superior a los 3 millones de euros. El grupo tambi\u00e9n ha creado una s\u00f3lida red de contactos entre instituciones y empresas de todo el mundo.<\/p>\n<h2><strong>Futuro<\/strong><\/h2>\n<p>Es importante identificar nuevas fuentes de financiaci\u00f3n y fomentar la transferencia de resultados a trav\u00e9s de proyectos de innovaci\u00f3n empresarial. El BIFI es un centro de investigaci\u00f3n de excelencia multidisciplinar y seguiremos trabajando en la b\u00fasqueda de nuevas oportunidades y en el desarrollo de aplicaciones para contribuir as\u00ed al crecimiento de nuestro instituto en todos los campos.[\/vc_column_text][mk_padding_divider size=\u00bb140&#8243;][\/vc_column][\/vc_row]\n<\/div>","protected":false},"excerpt":{"rendered":"<p>[mk_page_section bg_image=\u00bbhttps:\/\/bifi.es\/wp-content\/uploads\/2016\/11\/innovation_innovacion_bifi-1.jpg\u00bb bg_position=\u00bbcenter top\u00bb bg_repeat=\u00bbno-repeat\u00bb bg_stretch=\u00bbtrue\u00bb enable_3d=\u00bbtrue\u00bb video_opacity=\u00bb0.7&#8243; min_height=\u00bb400&#8243; js_vertical_centered=\u00bbtrue\u00bb padding_top=\u00bb0&#8243; top_shape_color=\u00bb#ffffff\u00bb bottom_shape_color=\u00bb#ffffff\u00bb sidebar=\u00bbsidebar-1&#8243;][vc_column][mk_fancy_title tag_name=\u00bbh1&#8243; color=\u00bb#ffffff\u00bb size=\u00bb60&#8243; force_font_size=\u00bbtrue\u00bb size_tablet=\u00bb40&#8243; size_phone=\u00bb28&#8243; font_weight=\u00bb300&#8243; txt_transform=\u00bbuppercase\u00bb letter_spacing=\u00bb2&#8243; margin_bottom=\u00bb0&#8243; font_family=\u00bbLato\u00bb font_type=\u00bbgoogle\u00bb align=\u00bbcenter\u00bb]Grupo de Apoyo y [&hellip;]<\/p>\n","protected":false},"author":8,"featured_media":0,"parent":0,"menu_order":0,"comment_status":"closed","ping_status":"closed","template":"","meta":{"footnotes":""},"class_list":["post-2228","page","type-page","status-publish","hentry"],"_links":{"self":[{"href":"https:\/\/bifi.es\/es\/wp-json\/wp\/v2\/pages\/2228","targetHints":{"allow":["GET"]}}],"collection":[{"href":"https:\/\/bifi.es\/es\/wp-json\/wp\/v2\/pages"}],"about":[{"href":"https:\/\/bifi.es\/es\/wp-json\/wp\/v2\/types\/page"}],"author":[{"embeddable":true,"href":"https:\/\/bifi.es\/es\/wp-json\/wp\/v2\/users\/8"}],"replies":[{"embeddable":true,"href":"https:\/\/bifi.es\/es\/wp-json\/wp\/v2\/comments?post=2228"}],"version-history":[{"count":8,"href":"https:\/\/bifi.es\/es\/wp-json\/wp\/v2\/pages\/2228\/revisions"}],"predecessor-version":[{"id":3531,"href":"https:\/\/bifi.es\/es\/wp-json\/wp\/v2\/pages\/2228\/revisions\/3531"}],"wp:attachment":[{"href":"https:\/\/bifi.es\/es\/wp-json\/wp\/v2\/media?parent=2228"}],"curies":[{"name":"wp","href":"https:\/\/api.w.org\/{rel}","templated":true}]}}