{"id":2229,"date":"2016-11-01T19:08:21","date_gmt":"2016-11-01T18:08:21","guid":{"rendered":"http:\/\/new.bifi.es\/es\/media\/"},"modified":"2024-07-02T13:38:36","modified_gmt":"2024-07-02T11:38:36","slug":"divulgacion","status":"publish","type":"page","link":"https:\/\/bifi.es\/es\/divulgacion\/","title":{"rendered":"Divulgaci\u00f3n"},"content":{"rendered":"<div class=\"wpb-content-wrapper\">[mk_page_section bg_image=\u00bbhttps:\/\/bifi.es\/wp-content\/uploads\/2016\/11\/press_prensa_bifi.jpg\u00bb bg_position=\u00bbcenter top\u00bb bg_repeat=\u00bbno-repeat\u00bb bg_stretch=\u00bbtrue\u00bb enable_3d=\u00bbtrue\u00bb video_opacity=\u00bb0.7&#8243; min_height=\u00bb400&#8243; js_vertical_centered=\u00bbtrue\u00bb padding_top=\u00bb0&#8243; top_shape_color=\u00bb#ffffff\u00bb bottom_shape_color=\u00bb#ffffff\u00bb sidebar=\u00bbsidebar-1&#8243;][vc_column][mk_fancy_title tag_name=\u00bbh1&#8243; color=\u00bb#ffffff\u00bb size=\u00bb60&#8243; force_font_size=\u00bbtrue\u00bb size_tablet=\u00bb40&#8243; size_phone=\u00bb28&#8243; font_weight=\u00bb300&#8243; txt_transform=\u00bbuppercase\u00bb letter_spacing=\u00bb2&#8243; margin_bottom=\u00bb0&#8243; font_family=\u00bbLato\u00bb font_type=\u00bbgoogle\u00bb align=\u00bbcenter\u00bb]divulgaci\u00f3n<span style=\"color: #ef5142;\">.<\/span>[\/mk_fancy_title][\/vc_column][\/mk_page_section][vc_row fullwidth=\u00bbtrue\u00bb][vc_column][mk_divider style=\u00bbthin_solid\u00bb thin_color_style=\u00bbgradient_color\u00bb thin_grandient_color_from=\u00bb#da391a\u00bb thin_grandient_color_to=\u00bb#fcd404&#8243; thin_gradient_color_angle=\u00bbhorizontal\u00bb thin_grandient_color_fallback=\u00bb#ef5241&#8243; thickness=\u00bb10&#8243; margin_top=\u00bb0&#8243; margin_bottom=\u00bb160&#8243;][\/vc_column][\/vc_row][vc_row css=\u00bb.vc_custom_1478003653139{padding-top: 0px !important;}\u00bb][vc_column width=\u00bb2\/3&#8243;][mk_fancy_title tag_name=\u00bbh4&#8243; color=\u00bb#495062&#8243; size=\u00bb54&#8243; force_font_size=\u00bbtrue\u00bb size_tablet=\u00bb40&#8243; size_phone=\u00bb30&#8243; line_height=\u00bb95&#8243; font_weight=\u00bb300&#8243; txt_transform=\u00bbnone\u00bb letter_spacing=\u00bb2&#8243; font_family=\u00bbLato\u00bb font_type=\u00bbgoogle\u00bb]El Departamento de prensa del BIFI se centra, fundamentalmente, en dar a conocer todas las actividades y proyectos llevados a cabo en el Instituto.[\/mk_fancy_title][\/vc_column][vc_column width=\u00bb1\/3&#8243;][\/vc_column][\/vc_row][vc_row][vc_column][vc_empty_space height=\u00bb40px\u00bb][\/vc_column][\/vc_row][vc_row css=\u00bb.vc_custom_1478003712825{padding-bottom: 100px !important;}\u00bb][vc_column width=\u00bb2\/3&#8243;][vc_column_text]En esta secci\u00f3n, usted puede obtener informaci\u00f3n actualizada de nuestro trabajo diario, as\u00ed como de nuestras reuniones, charlas, congresos nacionales e internacionales, experimentos y eventos importantes para la difusi\u00f3n del conocimiento cient\u00edfico entre la ciudadan\u00eda. Para m\u00e1s detalles, puede seguirnos a trav\u00e9s de las Redes Sociales. Muchas gracias por vuestro inter\u00e9s.[\/vc_column_text][mk_padding_divider size=\u00bb30&#8243;][mk_social_networks size=\u00bbmedium\u00bb icon_color=\u00bb#e36c11&#8243; icon_hover_color=\u00bb#eeeeee\u00bb facebook=\u00bbhttp:\/\/www.facebook.com\/pages\/BIFI-Instituto-de-Biocomputacion-y-Fisica-de-Sistemas-Complejos\/218724431494496&#8243; twitter=\u00bbhttps:\/\/twitter.com\/#!\/BIFI_Instituto\u00bb][\/vc_column][vc_column width=\u00bb1\/3&#8243;][mk_button dimension=\u00bbflat\u00bb size=\u00bblarge\u00bb letter_spacing=\u00bb1&#8243; url=\u00bbhttps:\/\/bifi.es\/es\/noticias\/\u00bb fullwidth=\u00bbtrue\u00bb bg_color=\u00bb#167090&#8243; btn_hover_bg=\u00bb#efefef\u00bb btn_hover_txt_color=\u00bb#167090&#8243;]NOTICIAS[\/mk_button][mk_button dimension=\u00bbflat\u00bb size=\u00bblarge\u00bb letter_spacing=\u00bb1&#8243; url=\u00bbhttps:\/\/bifi.es\/es\/bifi-en-los-medios\/\u00bb fullwidth=\u00bbtrue\u00bb bg_color=\u00bb#167090&#8243; btn_hover_bg=\u00bb#efefef\u00bb btn_hover_txt_color=\u00bb#167090&#8243;]BIFI EN LOS MEDIOS[\/mk_button][mk_button dimension=\u00bbflat\u00bb size=\u00bblarge\u00bb letter_spacing=\u00bb1&#8243; url=\u00bbhttps:\/\/bifi.es\/es\/galeria\/\u00bb fullwidth=\u00bbtrue\u00bb bg_color=\u00bb#167090&#8243; btn_hover_bg=\u00bb#efefef\u00bb btn_hover_txt_color=\u00bb#167090&#8243;]GALER\u00cdA[\/mk_button][\/vc_column][\/vc_row]\n<\/div>","protected":false},"excerpt":{"rendered":"<p>[mk_page_section bg_image=\u00bbhttps:\/\/bifi.es\/wp-content\/uploads\/2016\/11\/press_prensa_bifi.jpg\u00bb bg_position=\u00bbcenter top\u00bb bg_repeat=\u00bbno-repeat\u00bb bg_stretch=\u00bbtrue\u00bb enable_3d=\u00bbtrue\u00bb video_opacity=\u00bb0.7&#8243; min_height=\u00bb400&#8243; js_vertical_centered=\u00bbtrue\u00bb padding_top=\u00bb0&#8243; top_shape_color=\u00bb#ffffff\u00bb bottom_shape_color=\u00bb#ffffff\u00bb sidebar=\u00bbsidebar-1&#8243;][vc_column][mk_fancy_title tag_name=\u00bbh1&#8243; color=\u00bb#ffffff\u00bb size=\u00bb60&#8243; force_font_size=\u00bbtrue\u00bb size_tablet=\u00bb40&#8243; size_phone=\u00bb28&#8243; font_weight=\u00bb300&#8243; txt_transform=\u00bbuppercase\u00bb letter_spacing=\u00bb2&#8243; margin_bottom=\u00bb0&#8243; font_family=\u00bbLato\u00bb font_type=\u00bbgoogle\u00bb align=\u00bbcenter\u00bb]divulgaci\u00f3n.[\/mk_fancy_title][\/vc_column][\/mk_page_section][vc_row fullwidth=\u00bbtrue\u00bb][vc_column][mk_divider style=\u00bbthin_solid\u00bb thin_color_style=\u00bbgradient_color\u00bb [&hellip;]<\/p>\n","protected":false},"author":8,"featured_media":0,"parent":0,"menu_order":0,"comment_status":"closed","ping_status":"closed","template":"","meta":{"footnotes":""},"class_list":["post-2229","page","type-page","status-publish","hentry"],"_links":{"self":[{"href":"https:\/\/bifi.es\/es\/wp-json\/wp\/v2\/pages\/2229","targetHints":{"allow":["GET"]}}],"collection":[{"href":"https:\/\/bifi.es\/es\/wp-json\/wp\/v2\/pages"}],"about":[{"href":"https:\/\/bifi.es\/es\/wp-json\/wp\/v2\/types\/page"}],"author":[{"embeddable":true,"href":"https:\/\/bifi.es\/es\/wp-json\/wp\/v2\/users\/8"}],"replies":[{"embeddable":true,"href":"https:\/\/bifi.es\/es\/wp-json\/wp\/v2\/comments?post=2229"}],"version-history":[{"count":10,"href":"https:\/\/bifi.es\/es\/wp-json\/wp\/v2\/pages\/2229\/revisions"}],"predecessor-version":[{"id":8132,"href":"https:\/\/bifi.es\/es\/wp-json\/wp\/v2\/pages\/2229\/revisions\/8132"}],"wp:attachment":[{"href":"https:\/\/bifi.es\/es\/wp-json\/wp\/v2\/media?parent=2229"}],"curies":[{"name":"wp","href":"https:\/\/api.w.org\/{rel}","templated":true}]}}