{"id":2232,"date":"2016-11-01T09:34:14","date_gmt":"2016-11-01T09:34:14","guid":{"rendered":"http:\/\/new.bifi.es\/es\/research\/"},"modified":"2016-12-19T12:32:09","modified_gmt":"2016-12-19T12:32:09","slug":"investigacion","status":"publish","type":"page","link":"https:\/\/bifi.es\/es\/investigacion\/","title":{"rendered":"Investigaci\u00f3n"},"content":{"rendered":"<div class=\"wpb-content-wrapper\">[mk_page_section bg_image=\u00bbhttps:\/\/bifi.es\/wp-content\/uploads\/2016\/11\/research_investigacion_bifi-1.jpg\u00bb bg_position=\u00bbcenter top\u00bb bg_repeat=\u00bbno-repeat\u00bb bg_stretch=\u00bbtrue\u00bb enable_3d=\u00bbtrue\u00bb video_opacity=\u00bb0.7&#8243; min_height=\u00bb400&#8243; js_vertical_centered=\u00bbtrue\u00bb padding_top=\u00bb0&#8243; top_shape_color=\u00bb#ffffff\u00bb bottom_shape_color=\u00bb#ffffff\u00bb sidebar=\u00bbsidebar-1&#8243;][vc_column][mk_fancy_title tag_name=\u00bbh1&#8243; color=\u00bb#ffffff\u00bb size=\u00bb60&#8243; force_font_size=\u00bbtrue\u00bb size_tablet=\u00bb40&#8243; size_phone=\u00bb28&#8243; font_weight=\u00bb300&#8243; txt_transform=\u00bbuppercase\u00bb letter_spacing=\u00bb2&#8243; margin_bottom=\u00bb0&#8243; font_family=\u00bbLato\u00bb font_type=\u00bbgoogle\u00bb align=\u00bbcenter\u00bb]investigaci\u00f3n<span style=\"color: #ef5142;\">.<\/span>[\/mk_fancy_title][\/vc_column][\/mk_page_section][vc_row fullwidth=\u00bbtrue\u00bb][vc_column][mk_divider style=\u00bbthin_solid\u00bb thin_color_style=\u00bbgradient_color\u00bb thin_grandient_color_from=\u00bb#da391a\u00bb thin_grandient_color_to=\u00bb#fcd404&#8243; thin_gradient_color_angle=\u00bbhorizontal\u00bb thin_grandient_color_fallback=\u00bb#da391a\u00bb thickness=\u00bb10&#8243; margin_top=\u00bb0&#8243; margin_bottom=\u00bb160&#8243;][\/vc_column][\/vc_row][vc_row][vc_column width=\u00bb6\/12&#8243;][vc_column_text]La actividad cient\u00edfica del Instituto se divide en 4 grandes \u00e1reas: <strong>Bioqu\u00edmica y Biolog\u00eda Molecular y Celular, Biof\u00edsica, Computaci\u00f3n y F\u00edsica.<\/strong> Cada una de estas \u00e1reas cuenta, a su vez, con diferentes l\u00edneas estrat\u00e9gicas. Como Instituto ya consolidado y en constante b\u00fasqueda de la excelencia investigadora, nuestros principales objetivos son: promover la interdisciplinaridad, desarrollar una investigaci\u00f3n cient\u00edfica de calidad que se sustente en los nuevos enfoques de la Ciencia de la Complejidad y lograr una sinergia entre la actividad de los distintos grupos. Por otra parte, es indispensable el desarrollo de un conjunto de herramientas y m\u00e9todos para hacer frente, anal\u00edtica y computacionalmente, a la gran cantidad de datos disponibles en la actualidad y estudiar en profundidad los sistemas complejos.[\/vc_column_text][vc_column_text]Acceder a <strong><a href=\"http:\/\/webapps.bifi.es\/\" target=\"_blank\">webapps.bifi.es<\/a><\/strong>: Un portal Web que aloja diferentes aplicaciones en Biolog\u00eda Computacional.[\/vc_column_text][\/vc_column][vc_column width=\u00bb1\/12&#8243;][\/vc_column][vc_column width=\u00bb5\/12&#8243;][mk_button dimension=\u00bbflat\u00bb size=\u00bblarge\u00bb letter_spacing=\u00bb1&#8243; url=\u00bbhttps:\/\/bifi.es\/es\/bioquimica-bmc\/\u00bb fullwidth=\u00bbtrue\u00bb bg_color=\u00bb#167090&#8243; btn_hover_bg=\u00bb#efefef\u00bb btn_hover_txt_color=\u00bb#167090&#8243;]BIOQU\u00cdMICA Y BMC[\/mk_button][mk_button dimension=\u00bbflat\u00bb size=\u00bblarge\u00bb letter_spacing=\u00bb1&#8243; url=\u00bbhttps:\/\/bifi.es\/es\/biofisica\/\u00bb fullwidth=\u00bbtrue\u00bb bg_color=\u00bb#167090&#8243; btn_hover_bg=\u00bb#efefef\u00bb btn_hover_txt_color=\u00bb#167090&#8243;]BIOF\u00cdSICA[\/mk_button][mk_button dimension=\u00bbflat\u00bb size=\u00bblarge\u00bb letter_spacing=\u00bb1&#8243; url=\u00bbhttps:\/\/bifi.es\/es\/computacion\/\u00bb fullwidth=\u00bbtrue\u00bb bg_color=\u00bb#167090&#8243; btn_hover_bg=\u00bb#efefef\u00bb btn_hover_txt_color=\u00bb#167090&#8243;]COMPUTACI\u00d3N[\/mk_button][mk_button dimension=\u00bbflat\u00bb size=\u00bblarge\u00bb letter_spacing=\u00bb1&#8243; url=\u00bbhttps:\/\/bifi.es\/es\/fisica\/\u00bb fullwidth=\u00bbtrue\u00bb bg_color=\u00bb#167090&#8243; btn_hover_bg=\u00bb#efefef\u00bb btn_hover_txt_color=\u00bb#167090&#8243;]F\u00cdSICA[\/mk_button][\/vc_column][\/vc_row][vc_row][vc_column][mk_padding_divider size=\u00bb140&#8243;][\/vc_column][\/vc_row]\n<\/div>","protected":false},"excerpt":{"rendered":"<p>[mk_page_section bg_image=\u00bbhttps:\/\/bifi.es\/wp-content\/uploads\/2016\/11\/research_investigacion_bifi-1.jpg\u00bb bg_position=\u00bbcenter top\u00bb bg_repeat=\u00bbno-repeat\u00bb bg_stretch=\u00bbtrue\u00bb enable_3d=\u00bbtrue\u00bb video_opacity=\u00bb0.7&#8243; min_height=\u00bb400&#8243; js_vertical_centered=\u00bbtrue\u00bb padding_top=\u00bb0&#8243; top_shape_color=\u00bb#ffffff\u00bb bottom_shape_color=\u00bb#ffffff\u00bb sidebar=\u00bbsidebar-1&#8243;][vc_column][mk_fancy_title tag_name=\u00bbh1&#8243; color=\u00bb#ffffff\u00bb size=\u00bb60&#8243; force_font_size=\u00bbtrue\u00bb size_tablet=\u00bb40&#8243; size_phone=\u00bb28&#8243; font_weight=\u00bb300&#8243; txt_transform=\u00bbuppercase\u00bb letter_spacing=\u00bb2&#8243; margin_bottom=\u00bb0&#8243; font_family=\u00bbLato\u00bb font_type=\u00bbgoogle\u00bb align=\u00bbcenter\u00bb]investigaci\u00f3n.[\/mk_fancy_title][\/vc_column][\/mk_page_section][vc_row fullwidth=\u00bbtrue\u00bb][vc_column][mk_divider style=\u00bbthin_solid\u00bb thin_color_style=\u00bbgradient_color\u00bb [&hellip;]<\/p>\n","protected":false},"author":8,"featured_media":0,"parent":0,"menu_order":0,"comment_status":"closed","ping_status":"closed","template":"","meta":{"footnotes":""},"class_list":["post-2232","page","type-page","status-publish","hentry"],"_links":{"self":[{"href":"https:\/\/bifi.es\/es\/wp-json\/wp\/v2\/pages\/2232","targetHints":{"allow":["GET"]}}],"collection":[{"href":"https:\/\/bifi.es\/es\/wp-json\/wp\/v2\/pages"}],"about":[{"href":"https:\/\/bifi.es\/es\/wp-json\/wp\/v2\/types\/page"}],"author":[{"embeddable":true,"href":"https:\/\/bifi.es\/es\/wp-json\/wp\/v2\/users\/8"}],"replies":[{"embeddable":true,"href":"https:\/\/bifi.es\/es\/wp-json\/wp\/v2\/comments?post=2232"}],"version-history":[{"count":7,"href":"https:\/\/bifi.es\/es\/wp-json\/wp\/v2\/pages\/2232\/revisions"}],"predecessor-version":[{"id":3536,"href":"https:\/\/bifi.es\/es\/wp-json\/wp\/v2\/pages\/2232\/revisions\/3536"}],"wp:attachment":[{"href":"https:\/\/bifi.es\/es\/wp-json\/wp\/v2\/media?parent=2232"}],"curies":[{"name":"wp","href":"https:\/\/api.w.org\/{rel}","templated":true}]}}