{"id":2233,"date":"2016-11-01T18:16:51","date_gmt":"2016-11-01T17:16:51","guid":{"rendered":"http:\/\/new.bifi.es\/es\/resources\/"},"modified":"2025-05-26T19:58:43","modified_gmt":"2025-05-26T17:58:43","slug":"recursos-2","status":"publish","type":"page","link":"https:\/\/bifi.es\/es\/recursos-2\/","title":{"rendered":"Recursos"},"content":{"rendered":"<div class=\"wpb-content-wrapper\">[mk_page_section bg_image=\u00bbhttps:\/\/bifi.es\/wp-content\/uploads\/2016\/11\/bifi_institute-bn-1.jpg\u00bb bg_position=\u00bbcenter top\u00bb bg_repeat=\u00bbno-repeat\u00bb bg_stretch=\u00bbtrue\u00bb enable_3d=\u00bbtrue\u00bb video_opacity=\u00bb0.7&#8243; min_height=\u00bb400&#8243; js_vertical_centered=\u00bbtrue\u00bb padding_top=\u00bb0&#8243; top_shape_color=\u00bb#ffffff\u00bb bottom_shape_color=\u00bb#ffffff\u00bb sidebar=\u00bbsidebar-1&#8243;][vc_column][mk_fancy_title tag_name=\u00bbh1&#8243; color=\u00bb#ffffff\u00bb size=\u00bb60&#8243; force_font_size=\u00bbtrue\u00bb size_tablet=\u00bb40&#8243; size_phone=\u00bb28&#8243; font_weight=\u00bb300&#8243; txt_transform=\u00bbuppercase\u00bb letter_spacing=\u00bb2&#8243; margin_bottom=\u00bb0&#8243; font_family=\u00bbLato\u00bb font_type=\u00bbgoogle\u00bb align=\u00bbcenter\u00bb]Recursos<span style=\"color: #ef5142;\">.<\/span>[\/mk_fancy_title][\/vc_column][\/mk_page_section][vc_row fullwidth=\u00bbtrue\u00bb][vc_column][mk_divider style=\u00bbthin_solid\u00bb thin_color_style=\u00bbgradient_color\u00bb thin_grandient_color_from=\u00bb#da391a\u00bb thin_grandient_color_to=\u00bb#fcd404&#8243; thin_gradient_color_angle=\u00bbhorizontal\u00bb thin_grandient_color_fallback=\u00bb#ef5241&#8243; thickness=\u00bb10&#8243; margin_top=\u00bb0&#8243; margin_bottom=\u00bb80&#8243;][\/vc_column][\/vc_row][vc_row css=\u00bb.vc_custom_1478023812493{padding-bottom: 80px !important;}\u00bb][vc_column width=\u00bb5\/6&#8243;][mk_fancy_title tag_name=\u00bbh4&#8243; size=\u00bb40&#8243; font_weight=\u00bb300&#8243; letter_spacing=\u00bb1&#8243; font_family=\u00bbnone\u00bb]En esta secci\u00f3n puede encontrar material de difusi\u00f3n y diversa documentaci\u00f3n relativa al Instituto.[\/mk_fancy_title][\/vc_column][vc_column width=\u00bb1\/6&#8243;][\/vc_column][\/vc_row][vc_row css=\u00bb.vc_custom_1478024232659{padding-bottom: 80px !important;}\u00bb][vc_column][vc_tabs responsive=\u00bbfalse\u00bb container_bg_color=\u00bb#ffffff\u00bb][vc_tab title=\u00bbMemoria Anual\u00bb tab_id=\u00bb1478023118-1-8&#8243;][vc_empty_space][vc_row_inner][vc_column_inner][vc_column_text]El BIFI elabora anualmente una memoria de actividades que trata de resumir el trabajo realizado en el \u00faltimo a\u00f1o en todos los \u00e1mbitos del Instituto.[\/vc_column_text][\/vc_column_inner][\/vc_row_inner][vc_empty_space][vc_row_inner attached=\u00bbtrue\u00bb is_fullwidth_content=\u00bbfalse\u00bb css=\u00bb.vc_custom_1478693960530{margin-bottom: 30px !important;}\u00bb][vc_column_inner width=\u00bb1\/6&#8243;][\/vc_column_inner][vc_column_inner width=\u00bb1\/6&#8243;][\/vc_column_inner][vc_column_inner width=\u00bb1\/6&#8243;][\/vc_column_inner][vc_column_inner width=\u00bb1\/6&#8243;][vc_single_image image=\u00bb8260&#8243; img_size=\u00bb155&#215;220&#8243; alignment=\u00bbcenter\u00bb onclick=\u00bbcustom_link\u00bb img_link_target=\u00bb_blank\u00bb css_animation=\u00bbappear\u00bb link=\u00bbhttps:\/\/bifi.es\/wp-content\/uploads\/2025\/05\/mem_bifi_2024_20250407_def.pdf\u00bb css=\u00bb.vc_custom_1748280313719{margin-bottom: 10px !important;}\u00bb][vc_column_text css=\u00bb.vc_custom_1748282319929{margin-bottom: 0px !important;}\u00bb]\n<h5 style=\"text-align: center;\">Memoria\u00a02024<\/h5>\n[\/vc_column_text][\/vc_column_inner][vc_column_inner width=\u00bb1\/6&#8243;][vc_single_image image=\u00bb8258&#8243; img_size=\u00bb155&#215;220&#8243; alignment=\u00bbcenter\u00bb onclick=\u00bbcustom_link\u00bb img_link_target=\u00bb_blank\u00bb css_animation=\u00bbappear\u00bb link=\u00bbhttps:\/\/bifi.es\/wp-content\/uploads\/2024\/07\/mem_bifi_2023_def_20240321_-web.pdf\u00bb css=\u00bb.vc_custom_1725007291170{margin-bottom: 10px !important;}\u00bb][vc_column_text align=\u00bbcenter\u00bb css=\u00bb.vc_custom_1725007844125{margin-bottom: 0px !important;}\u00bb]\n<h5>Memoria\u00a02023<\/h5>\n[\/vc_column_text][\/vc_column_inner][vc_column_inner width=\u00bb1\/6&#8243;][vc_single_image image=\u00bb8256&#8243; img_size=\u00bb155&#215;220&#8243; alignment=\u00bbcenter\u00bb onclick=\u00bbcustom_link\u00bb img_link_target=\u00bb_blank\u00bb css_animation=\u00bbappear\u00bb link=\u00bbhttps:\/\/bifi.es\/wp-content\/uploads\/2023\/09\/mem_bifi_2022_20230322_def_def.pdf\u00bb css=\u00bb.vc_custom_1725007261807{margin-bottom: 10px !important;}\u00bb][vc_column_text align=\u00bbcenter\u00bb css=\u00bb.vc_custom_1725007829878{margin-bottom: 0px !important;}\u00bb]\n<h5>Memoria\u00a02022<\/h5>\n[\/vc_column_text][\/vc_column_inner][\/vc_row_inner][vc_row_inner attached=\u00bbtrue\u00bb is_fullwidth_content=\u00bbfalse\u00bb css=\u00bb.vc_custom_1478693960530{margin-bottom: 30px !important;}\u00bb][vc_column_inner width=\u00bb1\/6&#8243;][vc_single_image image=\u00bb8254&#8243; img_size=\u00bb155&#215;220&#8243; alignment=\u00bbcenter\u00bb onclick=\u00bbcustom_link\u00bb img_link_target=\u00bb_blank\u00bb css_animation=\u00bbappear\u00bb link=\u00bbhttps:\/\/bifi.es\/wp-content\/uploads\/2022\/07\/mem_bifi_2021_20220503_corregida.pdf\u00bb css=\u00bb.vc_custom_1725231194421{margin-bottom: 10px !important;}\u00bb][vc_column_text align=\u00bbcenter\u00bb css=\u00bb.vc_custom_1725007795476{margin-bottom: 0px !important;}\u00bb]\n<h5>Memoria\u00a02021<\/h5>\n[\/vc_column_text][\/vc_column_inner][vc_column_inner width=\u00bb1\/6&#8243;][vc_single_image image=\u00bb8252&#8243; img_size=\u00bb155&#215;220&#8243; alignment=\u00bbcenter\u00bb onclick=\u00bbcustom_link\u00bb img_link_target=\u00bb_blank\u00bb css_animation=\u00bbappear\u00bb link=\u00bbhttps:\/\/bifi.es\/wp-content\/uploads\/2022\/07\/mem_bifi_2020_definitiva__report.pdf\u00bb css=\u00bb.vc_custom_1725231204372{margin-bottom: 10px !important;}\u00bb][vc_column_text align=\u00bbcenter\u00bb css=\u00bb.vc_custom_1725007782976{margin-bottom: 0px !important;}\u00bb]\n<h5>Memoria\u00a02020<\/h5>\n[\/vc_column_text][\/vc_column_inner][vc_column_inner width=\u00bb1\/6&#8243;][vc_single_image image=\u00bb8250&#8243; img_size=\u00bb155&#215;220&#8243; alignment=\u00bbcenter\u00bb onclick=\u00bbcustom_link\u00bb img_link_target=\u00bb_blank\u00bb css_animation=\u00bbappear\u00bb link=\u00bbhttps:\/\/bifi.es\/wp-content\/uploads\/2021\/03\/mem_bifi_2019_005_yamir.pdf\u00bb css=\u00bb.vc_custom_1725231211179{margin-bottom: 10px !important;}\u00bb][vc_column_text align=\u00bbcenter\u00bb css=\u00bb.vc_custom_1725007769857{margin-bottom: 0px !important;}\u00bb]\n<h5>Memoria\u00a02019<\/h5>\n[\/vc_column_text][\/vc_column_inner][vc_column_inner width=\u00bb1\/6&#8243;][vc_single_image image=\u00bb8248&#8243; img_size=\u00bb155&#215;220&#8243; alignment=\u00bbcenter\u00bb onclick=\u00bbcustom_link\u00bb img_link_target=\u00bb_blank\u00bb css_animation=\u00bbappear\u00bb link=\u00bbhttps:\/\/bifi.es\/wp-content\/uploads\/2021\/03\/2018_bifi_memoria2018-1.pdf\u00bb css=\u00bb.vc_custom_1725231217224{margin-bottom: 10px !important;}\u00bb][vc_column_text align=\u00bbcenter\u00bb css=\u00bb.vc_custom_1725007756897{margin-bottom: 0px !important;}\u00bb]\n<h5>Memoria\u00a02018<\/h5>\n[\/vc_column_text][\/vc_column_inner][vc_column_inner width=\u00bb1\/6&#8243;][vc_single_image image=\u00bb8246&#8243; img_size=\u00bb155&#215;220&#8243; alignment=\u00bbcenter\u00bb onclick=\u00bbcustom_link\u00bb img_link_target=\u00bb_blank\u00bb css_animation=\u00bbappear\u00bb link=\u00bbhttps:\/\/bifi.es\/wp-content\/uploads\/2016\/11\/bifi_memoria2017.pdf\u00bb css=\u00bb.vc_custom_1725007164250{margin-bottom: 10px !important;}\u00bb][vc_column_text align=\u00bbcenter\u00bb css=\u00bb.vc_custom_1725007700057{margin-bottom: 0px !important;}\u00bb]\n<h5>Memoria\u00a02017<\/h5>\n[\/vc_column_text][\/vc_column_inner][vc_column_inner width=\u00bb1\/6&#8243;][vc_single_image image=\u00bb8244&#8243; img_size=\u00bb155&#215;220&#8243; alignment=\u00bbcenter\u00bb onclick=\u00bbcustom_link\u00bb img_link_target=\u00bb_blank\u00bb css_animation=\u00bbappear\u00bb link=\u00bbhttps:\/\/bifi.es\/wp-content\/uploads\/2016\/11\/bifi_mem2016.pdf\u00bb css=\u00bb.vc_custom_1725007146845{margin-bottom: 10px !important;}\u00bb][vc_column_text align=\u00bbcenter\u00bb css=\u00bb.vc_custom_1725007814814{margin-bottom: 0px !important;}\u00bb]\n<h5>Memoria\u00a02016<\/h5>\n[\/vc_column_text][\/vc_column_inner][\/vc_row_inner][vc_row_inner attached=\u00bbtrue\u00bb is_fullwidth_content=\u00bbfalse\u00bb css=\u00bb.vc_custom_1478693960530{margin-bottom: 30px !important;}\u00bb][vc_column_inner width=\u00bb1\/6&#8243;][vc_single_image image=\u00bb1549&#8243; img_size=\u00bb155&#215;220&#8243; alignment=\u00bbcenter\u00bb onclick=\u00bbcustom_link\u00bb img_link_target=\u00bb_blank\u00bb css_animation=\u00bbappear\u00bb link=\u00bbhttps:\/\/bifi.es\/wp-content\/uploads\/2016\/11\/mem_bifi_2015_final.pdf\u00bb css=\u00bb.vc_custom_1482142696507{margin-bottom: 10px !important;}\u00bb][vc_column_text align=\u00bbcenter\u00bb]\n<h5>Memoria\u00a02015<\/h5>\n[\/vc_column_text][\/vc_column_inner][vc_column_inner width=\u00bb1\/6&#8243;][vc_single_image image=\u00bb1551&#8243; img_size=\u00bb155&#215;220&#8243; alignment=\u00bbcenter\u00bb onclick=\u00bbcustom_link\u00bb img_link_target=\u00bb_blank\u00bb css_animation=\u00bbappear\u00bb link=\u00bbhttps:\/\/bifi.es\/wp-content\/uploads\/2016\/11\/mem_bifi_2014.pdf\u00bb css=\u00bb.vc_custom_1482154008778{margin-bottom: 10px !important;}\u00bb][vc_column_text align=\u00bbcenter\u00bb]\n<h5>Memoria\u00a02014<\/h5>\n[\/vc_column_text][\/vc_column_inner][vc_column_inner width=\u00bb1\/6&#8243;][vc_single_image image=\u00bb1553&#8243; img_size=\u00bb155&#215;220&#8243; alignment=\u00bbcenter\u00bb onclick=\u00bbcustom_link\u00bb img_link_target=\u00bb_blank\u00bb css_animation=\u00bbappear\u00bb link=\u00bbhttps:\/\/bifi.es\/wp-content\/uploads\/2016\/11\/memoria_bifi_2013.pdf\u00bb css=\u00bb.vc_custom_1482154016187{margin-bottom: 10px !important;}\u00bb][vc_column_text align=\u00bbcenter\u00bb]\n<h5>Memoria\u00a02013<\/h5>\n[\/vc_column_text][\/vc_column_inner][vc_column_inner width=\u00bb1\/6&#8243;][vc_single_image image=\u00bb1555&#8243; img_size=\u00bb155&#215;220&#8243; alignment=\u00bbcenter\u00bb onclick=\u00bbcustom_link\u00bb img_link_target=\u00bb_blank\u00bb css_animation=\u00bbappear\u00bb link=\u00bbhttps:\/\/bifi.es\/wp-content\/uploads\/2016\/11\/bifi_memoria2012.pdf\u00bb css=\u00bb.vc_custom_1482154030828{margin-bottom: 10px !important;}\u00bb][vc_column_text align=\u00bbcenter\u00bb]\n<h5>Memoria\u00a02012<\/h5>\n[\/vc_column_text][\/vc_column_inner][vc_column_inner width=\u00bb1\/6&#8243;][vc_single_image image=\u00bb1557&#8243; img_size=\u00bb155&#215;220&#8243; alignment=\u00bbcenter\u00bb onclick=\u00bbcustom_link\u00bb img_link_target=\u00bb_blank\u00bb css_animation=\u00bbappear\u00bb link=\u00bbhttps:\/\/bifi.es\/wp-content\/uploads\/2016\/11\/bifi_memoria2011.pdf\u00bb css=\u00bb.vc_custom_1482154038576{margin-bottom: 10px !important;}\u00bb][vc_column_text align=\u00bbcenter\u00bb]\n<h5>Memoria\u00a02011<\/h5>\n[\/vc_column_text][\/vc_column_inner][vc_column_inner width=\u00bb1\/6&#8243;][vc_single_image image=\u00bb1559&#8243; img_size=\u00bb155&#215;220&#8243; alignment=\u00bbcenter\u00bb onclick=\u00bbcustom_link\u00bb img_link_target=\u00bb_blank\u00bb css_animation=\u00bbappear\u00bb link=\u00bbhttps:\/\/bifi.es\/wp-content\/uploads\/2016\/11\/bifi_memoria2010.pdf\u00bb css=\u00bb.vc_custom_1482154046441{margin-bottom: 10px !important;}\u00bb][vc_column_text align=\u00bbcenter\u00bb]\n<h5>Memoria\u00a02010<\/h5>\n[\/vc_column_text][\/vc_column_inner][\/vc_row_inner][vc_row_inner attached=\u00bbtrue\u00bb is_fullwidth_content=\u00bbfalse\u00bb css=\u00bb.vc_custom_1478693960530{margin-bottom: 30px !important;}\u00bb][vc_column_inner width=\u00bb1\/6&#8243;][vc_single_image image=\u00bb1561&#8243; img_size=\u00bb155&#215;220&#8243; alignment=\u00bbcenter\u00bb onclick=\u00bbcustom_link\u00bb img_link_target=\u00bb_blank\u00bb css_animation=\u00bbappear\u00bb link=\u00bbhttps:\/\/bifi.es\/wp-content\/uploads\/2016\/11\/bifi_memoria2009.pdf\u00bb css=\u00bb.vc_custom_1482154054233{margin-bottom: 10px !important;}\u00bb][vc_column_text align=\u00bbcenter\u00bb]\n<h5>Memoria\u00a02009<\/h5>\n[\/vc_column_text][\/vc_column_inner][vc_column_inner width=\u00bb1\/6&#8243;][vc_single_image image=\u00bb1563&#8243; img_size=\u00bb155&#215;220&#8243; alignment=\u00bbcenter\u00bb onclick=\u00bbcustom_link\u00bb img_link_target=\u00bb_blank\u00bb css_animation=\u00bbappear\u00bb link=\u00bbhttps:\/\/bifi.es\/wp-content\/uploads\/2016\/11\/bifi_memoria2008.pdf\u00bb css=\u00bb.vc_custom_1482154060856{margin-bottom: 10px !important;}\u00bb][vc_column_text align=\u00bbcenter\u00bb]\n<h5>Memoria\u00a02008<\/h5>\n[\/vc_column_text][\/vc_column_inner][vc_column_inner width=\u00bb1\/6&#8243;][vc_single_image image=\u00bb1565&#8243; img_size=\u00bb155&#215;220&#8243; alignment=\u00bbcenter\u00bb onclick=\u00bbcustom_link\u00bb img_link_target=\u00bb_blank\u00bb css_animation=\u00bbappear\u00bb link=\u00bbhttps:\/\/bifi.es\/wp-content\/uploads\/2016\/11\/bifi_memoria2007.pdf\u00bb css=\u00bb.vc_custom_1482154067312{margin-bottom: 10px !important;}\u00bb][vc_column_text align=\u00bbcenter\u00bb]\n<h5>Memoria\u00a02007<\/h5>\n[\/vc_column_text][\/vc_column_inner][vc_column_inner width=\u00bb1\/6&#8243;][vc_single_image image=\u00bb1567&#8243; img_size=\u00bb155&#215;220&#8243; alignment=\u00bbcenter\u00bb onclick=\u00bbcustom_link\u00bb img_link_target=\u00bb_blank\u00bb css_animation=\u00bbappear\u00bb link=\u00bbhttps:\/\/bifi.es\/wp-content\/uploads\/2016\/11\/bifi_memoria2006.pdf\u00bb css=\u00bb.vc_custom_1482154079782{margin-bottom: 10px !important;}\u00bb][vc_column_text align=\u00bbcenter\u00bb]\n<h5>Memoria\u00a02006<\/h5>\n[\/vc_column_text][\/vc_column_inner][vc_column_inner width=\u00bb1\/6&#8243;][vc_single_image image=\u00bb1569&#8243; img_size=\u00bb155&#215;220&#8243; alignment=\u00bbcenter\u00bb onclick=\u00bbcustom_link\u00bb img_link_target=\u00bb_blank\u00bb css_animation=\u00bbappear\u00bb link=\u00bbhttps:\/\/bifi.es\/wp-content\/uploads\/2016\/11\/bifi_memoria2005.pdf\u00bb css=\u00bb.vc_custom_1482154086694{margin-bottom: 10px !important;}\u00bb][vc_column_text align=\u00bbcenter\u00bb]\n<h5>Memoria\u00a02005<\/h5>\n[\/vc_column_text][\/vc_column_inner][vc_column_inner width=\u00bb1\/6&#8243;][vc_single_image image=\u00bb1571&#8243; img_size=\u00bb155&#215;220&#8243; alignment=\u00bbcenter\u00bb onclick=\u00bbcustom_link\u00bb img_link_target=\u00bb_blank\u00bb css_animation=\u00bbappear\u00bb link=\u00bbhttps:\/\/bifi.es\/wp-content\/uploads\/2016\/11\/bifi_memoria2004.pdf\u00bb css=\u00bb.vc_custom_1482154093974{margin-bottom: 10px !important;}\u00bb][vc_column_text align=\u00bbcenter\u00bb]\n<h5>Memoria\u00a02004<\/h5>\n[\/vc_column_text][\/vc_column_inner][\/vc_row_inner][vc_empty_space][\/vc_tab][vc_tab title=\u00bbPlan Estrat\u00e9gico\u00bb tab_id=\u00bb1478023118-2-86&#8243;][vc_column_text css=\u00bb.vc_custom_1748242424328{margin-bottom: 0px !important;}\u00bb]<a href=\"https:\/\/bifi.es\/wp-content\/uploads\/2025\/05\/planestrategicobififinal_report.pdf\">Plan Estrat\u00e9gico 2025-2029<\/a>[\/vc_column_text][\/vc_tab][vc_tab title=\u00bbIdentidad Corporativa\u00bb tab_id=\u00bb1478023838114-2-6&#8243;][mk_padding_divider size=\u00bb20&#8243;][vc_row_inner][vc_column_inner][vc_column_text]\n<h4>DESCRIPCI\u00d3N<\/h4>\n<p>El Instituto de Biocomputaci\u00f3n y F\u00edsica de Sistemas Complejos (BIFI) renov\u00f3 en 2010 su identidad corporativa con un nuevo logotipo actualizado. El nuevo dise\u00f1o, realizado por una firma especializada, busca transmitir los valores propios del BIFI: la investigaci\u00f3n multidisciplinar de excelencia, la sinergia basada en la aplicaci\u00f3n de t\u00e9cnicas comunes entre l\u00edneas y la transferencia de conocimientos y resultados a la sociedad.<\/p>\n<p>El logotipo creado para el BIFI es una puesta al d\u00eda de la antigua marca del Instituto. Una evoluci\u00f3n realizada a partir de las formas cuadradas que lo caracterizaban, si bien con un tratamiento nuevo que les aporta movimiento y dinamismo. La paleta de colores se ha hecho m\u00e1s c\u00e1lida, con un aire m\u00e1s moderno, incorporando unos degradados que aligeran y unifican el conjunto. En cuanto a la tipograf\u00eda, se ha optado por una de corte t\u00e9cnico, recordando a las fuentes utilizadas por OCRs.[\/vc_column_text][\/vc_column_inner][\/vc_row_inner][mk_padding_divider size=\u00bb20&#8243;][vc_row_inner][vc_column_inner width=\u00bb2\/3&#8243;][vc_column_text]\n<h4>Logo<\/h4>\n<p>Formato bitmap:<\/p>\n<p>Logo con\u00a0texto: S (<a href=\"https:\/\/bifi.es\/wp-content\/uploads\/2016\/11\/logo_S.png\">PNG<\/a>), M (<a href=\"https:\/\/bifi.es\/wp-content\/uploads\/2016\/11\/logo_M.png\">PNG<\/a>), L (<a href=\"https:\/\/bifi.es\/wp-content\/uploads\/2016\/11\/logo_L.png\">PNG<\/a>), XL (<a href=\"https:\/\/bifi.es\/wp-content\/uploads\/2016\/11\/logo_XL.png\">PNG<\/a>)<br \/>\nLogo sin\u00a0texto: XS (<a href=\"https:\/\/bifi.es\/wp-content\/uploads\/2016\/11\/logosintexto_XS.png\">PNG<\/a> &#8211; <a href=\"https:\/\/bifi.es\/wp-content\/uploads\/2016\/11\/logosintexto_XS.gif\">GIF<\/a>), S (<a href=\"https:\/\/bifi.es\/wp-content\/uploads\/2016\/11\/logosintexto_S.png\">PNG<\/a> &#8211; <a href=\"https:\/\/bifi.es\/wp-content\/uploads\/2016\/11\/logosintexto_S.gif\">GIF<\/a>), M (<a href=\"https:\/\/bifi.es\/wp-content\/uploads\/2016\/11\/logosintexto_M.png\">PNG<\/a> &#8211; <a href=\"https:\/\/bifi.es\/wp-content\/uploads\/2016\/11\/logosintexto_M.gif\">GIF<\/a>), L (<a href=\"https:\/\/bifi.es\/wp-content\/uploads\/2016\/11\/logosintexto_L.png\">PNG<\/a> &#8211; <a href=\"https:\/\/bifi.es\/wp-content\/uploads\/2016\/11\/logosintexto_L.gif\">GIF<\/a>), XL (<a href=\"https:\/\/bifi.es\/wp-content\/uploads\/2016\/11\/logosintexto_XL.png\">PNG<\/a> &#8211; <a href=\"https:\/\/bifi.es\/wp-content\/uploads\/2016\/11\/logosintexto_XL.gif\">GIF<\/a>)<\/p>\n<p>Logo B&amp;W: S (<a href=\"https:\/\/bifi.es\/wp-content\/uploads\/2016\/11\/logoBN_S.png\">PNG<\/a>), M (<a href=\"https:\/\/bifi.es\/wp-content\/uploads\/2016\/11\/logoBN_M.png\">PNG<\/a>), L (<a href=\"https:\/\/bifi.es\/wp-content\/uploads\/2016\/11\/logoBN_L.png\">PNG<\/a>), XL (<a href=\"https:\/\/bifi.es\/wp-content\/uploads\/2016\/11\/logoBN_XL.png\">PNG<\/a>)[\/vc_column_text][\/vc_column_inner][vc_column_inner width=\u00bb1\/3&#8243;][\/vc_column_inner][\/vc_row_inner][mk_padding_divider size=\u00bb20&#8243;][vc_row_inner][vc_column_inner width=\u00bb1\/2&#8243;][vc_column_text]\n<h4>Tarjeta de Visita<\/h4>\n<p>Tarjeta de visita editable: <a href=\"https:\/\/bifi.es\/wp-content\/uploads\/2016\/11\/tarjeta_visita.pdf\">PDF<\/a>[\/vc_column_text][\/vc_column_inner][vc_column_inner width=\u00bb1\/2&#8243;][\/vc_column_inner][\/vc_row_inner][mk_padding_divider size=\u00bb20&#8243;][vc_row_inner][vc_column_inner width=\u00bb1\/2&#8243;][vc_column_text]\n<h4>Papeler\u00eda<\/h4>\n<p>Sobre americano: <a href=\"https:\/\/bifi.es\/wp-content\/uploads\/2016\/11\/sobre_americano.doc\">DOC<\/a> &#8211; <a href=\"https:\/\/bifi.es\/wp-content\/uploads\/2016\/11\/sobre_americano.pdf\">PDF<\/a><br \/>\nSobre bolsa: <a href=\"https:\/\/bifi.es\/wp-content\/uploads\/2016\/11\/sobre_bolsa.doc\">DOC<\/a> &#8211; <a href=\"https:\/\/bifi.es\/wp-content\/uploads\/2016\/11\/sobre_bolsa.pdf\">PDF<\/a><br \/>\nCarta: <a href=\"https:\/\/bifi.es\/wp-content\/uploads\/2016\/11\/carta.doc\">DOC<\/a><br \/>\nCarta 4C: <a href=\"https:\/\/bifi.es\/wp-content\/uploads\/2016\/11\/carta_4c.doc\">DOC<\/a> &#8211; <a href=\"https:\/\/bifi.es\/wp-content\/uploads\/2016\/11\/carta_4c.pdf\">PDF<\/a>[\/vc_column_text][\/vc_column_inner][vc_column_inner width=\u00bb1\/2&#8243;][\/vc_column_inner][\/vc_row_inner][mk_padding_divider size=\u00bb20&#8243;][vc_row_inner][vc_column_inner width=\u00bb1\/2&#8243;][vc_column_text]\n<h4>Se\u00f1al\u00e9tica<\/h4>\n<p>Cartel persona: <a href=\"https:\/\/bifi.es\/wp-content\/uploads\/2016\/11\/persona.pdf\">PDF<\/a><br \/>\nCartel laboratorio: <a href=\"https:\/\/bifi.es\/wp-content\/uploads\/2016\/11\/laboratorio.pdf\">PDF<\/a><br \/>\nDirectorio pasillo: <a href=\"https:\/\/bifi.es\/wp-content\/uploads\/2016\/11\/directorio_pasillo-1.odt\">ODT<\/a>[\/vc_column_text][\/vc_column_inner][vc_column_inner width=\u00bb1\/2&#8243;][\/vc_column_inner][\/vc_row_inner][\/vc_tab][vc_tab title=\u00bbOfertas de Trabajo\u00bb tab_id=\u00bb1480324166925-3-8&#8243;][vc_column_text css=\u00bb.vc_custom_1543411047337{margin-bottom: 0px !important;}\u00bb]<a href=\"https:\/\/bifi.es\/wp-content\/uploads\/2016\/11\/oferta_contrato_predoctoral.pdf\">Contrato predoctoral para realizar la tesis en el proyecto \u00abComputaci\u00f3n avanzada en materiales y redes complejas\u00bb<\/a><br \/>\n<strong>Published on 2016-06-21<\/strong><\/p>\n<p>&nbsp;<\/p>\n<p><strong>FELLOWSHIP PROGRAM Iberus talent predoctoral fellowships <\/strong>(http:\/\/iberustalent.campusiberus.es\/en\/2018Health1).<\/p>\n<p><strong>Pre-doctoral contract for early-stage researchers to pursue PhD studies in Health Technologies at the University of Zaragoza. <a href=\"https:\/\/bifi.es\/wp-content\/uploads\/2016\/11\/novel-personalized-drugs-for-infectious-and-conformational-diseases-1.pdf\">Read more<\/a><br \/>\n<\/strong><\/p>\n<p><strong>Deadline for submitting applications: <\/strong><span style=\"color: #ff0000;\">31<sup>st<\/sup> January 2019<\/span>.<\/p>\n<p><strong>Project: <\/strong><em>Novel personalized drugs for infectious and conformational diseases.<\/em><\/p>\n<p><strong>Centre\/Group Leader: <\/strong>University of Zaragoza (IUI BIFI) <a href=\"https:\/\/bifi.es\">www.bifi.es<\/a> \/ Prof. Javier Sancho<\/p>\n<p><strong>Contact:<\/strong> <em><a href=\"mailto:jsancho@unizar.es\">jsancho@unizar.es<\/a><\/em><br \/>\n<a href=\"https:\/\/bifi.es\/biophysics\/\">www.bifi.es\/biophysics<\/a><\/p>\n<p>&nbsp;<\/p>\n<p>&nbsp;<\/p>\n<p><strong>FELLOWSHIP PROGRAM Doctorate INPhINIT Incoming (<\/strong><a href=\"http:\/\/www.inphinitlacaixa.org\">www.inphinitlacaixa.org<\/a>)<\/p>\n<p><strong>Pre-doctoral contract for early-stage researchers of any nationality to pursue PhD studies on life sciences in Health Research Institute IIS Arag\u00f3n (Zaragoza, Spain) <a href=\"https:\/\/bifi.es\/wp-content\/uploads\/2016\/11\/bioinformatics-for-accurate-genetic-diagnosis-and-personalized-medicine-incoming-1.pdf\">Read more<\/a><\/strong><\/p>\n<p><strong>Deadline for submitting applications: <\/strong><span style=\"color: #ff0000;\">6th February 2019<\/span><\/p>\n<p><strong>Project: <\/strong><em>Bioinformatics for accurate genetic diagnosis and personalized medicine.<\/em><\/p>\n<p><strong>Centre\/Group Leader: <\/strong>IIS ARAG\u00d3N <a href=\"http:\/\/www.iisaragon\">www.iisaragon<\/a> \/ Prof. Javier Sancho<\/p>\n<p><strong>Contact:<\/strong> <em><a href=\"mailto:jsancho@unizar.es\">jsancho@unizar.es<\/a><\/em><br \/>\n<a href=\"https:\/\/bifi.es\/biophysics\/\"><span style=\"color: #0000ff;\">www.bifi.es\/biophysics<\/span><\/a><\/p>\n<p>&nbsp;<\/p>\n<table>\n<tbody>\n<tr>\n<td width=\"215\">\n<table>\n<tbody>\n<tr>\n<td width=\"215\">\n<table style=\"height: 719px;\" width=\"961\">\n<tbody>\n<tr>\n<td width=\"215\">&nbsp;<\/p>\n<table>\n<tbody>\n<tr>\n<td width=\"215\">\n<table>\n<tbody>\n<tr>\n<td width=\"215\">\n<table style=\"height: 884px;\" width=\"939\">\n<tbody>\n<tr>\n<td width=\"215\"><\/td>\n<\/tr>\n<\/tbody>\n<\/table>\n<\/td>\n<\/tr>\n<\/tbody>\n<\/table>\n<\/td>\n<\/tr>\n<\/tbody>\n<\/table>\n<\/td>\n<\/tr>\n<\/tbody>\n<\/table>\n<\/td>\n<\/tr>\n<\/tbody>\n<\/table>\n<\/td>\n<\/tr>\n<\/tbody>\n<\/table>\n[\/vc_column_text][\/vc_tab][\/vc_tabs][\/vc_column][\/vc_row][vc_row][vc_column width=\u00bb1\/6&#8243;][vc_column_text css=\u00bb.vc_custom_1748242414768{margin-bottom: 0px !important;}\u00bb][\/vc_column_text][\/vc_column][vc_column width=\u00bb1\/6&#8243;][\/vc_column][vc_column width=\u00bb1\/6&#8243;][\/vc_column][vc_column width=\u00bb1\/6&#8243;][\/vc_column][vc_column width=\u00bb1\/6&#8243;][vc_column_text css=\u00bb.vc_custom_1748242342334{margin-bottom: 0px !important;}\u00bb][\/vc_column_text][\/vc_column][\/vc_row][vc_row][vc_column][vc_column_text css=\u00bb.vc_custom_1748242251567{margin-bottom: 0px !important;}\u00bb][\/vc_column_text][\/vc_column][\/vc_row]\n<\/div>","protected":false},"excerpt":{"rendered":"<p>[mk_page_section bg_image=\u00bbhttps:\/\/bifi.es\/wp-content\/uploads\/2016\/11\/bifi_institute-bn-1.jpg\u00bb bg_position=\u00bbcenter top\u00bb bg_repeat=\u00bbno-repeat\u00bb bg_stretch=\u00bbtrue\u00bb enable_3d=\u00bbtrue\u00bb video_opacity=\u00bb0.7&#8243; min_height=\u00bb400&#8243; js_vertical_centered=\u00bbtrue\u00bb padding_top=\u00bb0&#8243; top_shape_color=\u00bb#ffffff\u00bb bottom_shape_color=\u00bb#ffffff\u00bb sidebar=\u00bbsidebar-1&#8243;][vc_column][mk_fancy_title tag_name=\u00bbh1&#8243; color=\u00bb#ffffff\u00bb size=\u00bb60&#8243; force_font_size=\u00bbtrue\u00bb size_tablet=\u00bb40&#8243; size_phone=\u00bb28&#8243; font_weight=\u00bb300&#8243; txt_transform=\u00bbuppercase\u00bb letter_spacing=\u00bb2&#8243; margin_bottom=\u00bb0&#8243; font_family=\u00bbLato\u00bb font_type=\u00bbgoogle\u00bb align=\u00bbcenter\u00bb]Recursos.[\/mk_fancy_title][\/vc_column][\/mk_page_section][vc_row fullwidth=\u00bbtrue\u00bb][vc_column][mk_divider style=\u00bbthin_solid\u00bb thin_color_style=\u00bbgradient_color\u00bb [&hellip;]<\/p>\n","protected":false},"author":8,"featured_media":0,"parent":0,"menu_order":0,"comment_status":"closed","ping_status":"closed","template":"","meta":{"footnotes":""},"class_list":["post-2233","page","type-page","status-publish","hentry"],"_links":{"self":[{"href":"https:\/\/bifi.es\/es\/wp-json\/wp\/v2\/pages\/2233","targetHints":{"allow":["GET"]}}],"collection":[{"href":"https:\/\/bifi.es\/es\/wp-json\/wp\/v2\/pages"}],"about":[{"href":"https:\/\/bifi.es\/es\/wp-json\/wp\/v2\/types\/page"}],"author":[{"embeddable":true,"href":"https:\/\/bifi.es\/es\/wp-json\/wp\/v2\/users\/8"}],"replies":[{"embeddable":true,"href":"https:\/\/bifi.es\/es\/wp-json\/wp\/v2\/comments?post=2233"}],"version-history":[{"count":44,"href":"https:\/\/bifi.es\/es\/wp-json\/wp\/v2\/pages\/2233\/revisions"}],"predecessor-version":[{"id":9310,"href":"https:\/\/bifi.es\/es\/wp-json\/wp\/v2\/pages\/2233\/revisions\/9310"}],"wp:attachment":[{"href":"https:\/\/bifi.es\/es\/wp-json\/wp\/v2\/media?parent=2233"}],"curies":[{"name":"wp","href":"https:\/\/api.w.org\/{rel}","templated":true}]}}