{"id":2234,"date":"2016-11-04T11:28:25","date_gmt":"2016-11-04T11:28:25","guid":{"rendered":"http:\/\/new.bifi.es\/es\/technology-offer\/"},"modified":"2016-12-19T12:34:50","modified_gmt":"2016-12-19T12:34:50","slug":"oferta-tecnologica","status":"publish","type":"page","link":"https:\/\/bifi.es\/es\/oferta-tecnologica\/","title":{"rendered":"Oferta Tecnol\u00f3gica"},"content":{"rendered":"<div class=\"wpb-content-wrapper\">[mk_page_section bg_image=\u00bbhttps:\/\/bifi.es\/wp-content\/uploads\/2016\/11\/innovation_innovacion_bifi-1.jpg\u00bb bg_position=\u00bbcenter top\u00bb bg_repeat=\u00bbno-repeat\u00bb bg_stretch=\u00bbtrue\u00bb enable_3d=\u00bbtrue\u00bb video_opacity=\u00bb0.7&#8243; min_height=\u00bb400&#8243; js_vertical_centered=\u00bbtrue\u00bb padding_top=\u00bb0&#8243; top_shape_color=\u00bb#ffffff\u00bb bottom_shape_color=\u00bb#ffffff\u00bb sidebar=\u00bbsidebar-1&#8243;][vc_column][mk_fancy_title tag_name=\u00bbh1&#8243; color=\u00bb#ffffff\u00bb size=\u00bb60&#8243; force_font_size=\u00bbtrue\u00bb size_tablet=\u00bb40&#8243; size_phone=\u00bb28&#8243; font_weight=\u00bb300&#8243; txt_transform=\u00bbuppercase\u00bb letter_spacing=\u00bb2&#8243; font_family=\u00bbLato\u00bb font_type=\u00bbgoogle\u00bb align=\u00bbcenter\u00bb]Oferta Tecnol\u00f3gica<span style=\"color: #ef5142;\">.<\/span>[\/mk_fancy_title][\/vc_column][\/mk_page_section][vc_row fullwidth=\u00bbtrue\u00bb][vc_column][mk_divider style=\u00bbthin_solid\u00bb thin_color_style=\u00bbgradient_color\u00bb thin_grandient_color_from=\u00bb#da391a\u00bb thin_grandient_color_to=\u00bb#fcd404&#8243; thin_gradient_color_angle=\u00bbhorizontal\u00bb thin_grandient_color_fallback=\u00bb#da391a\u00bb thickness=\u00bb10&#8243; margin_top=\u00bb0&#8243; margin_bottom=\u00bb160&#8243;][\/vc_column][\/vc_row][vc_row][vc_column][vc_column_text]El BIFI es un centro pionero y referencia en muchas l\u00edneas de trabajo y cuenta con una abultada experiencia en proyectos de transferencia. En esta secci\u00f3n puedes ver las posibles contribuciones para tu proyecto consultando nuestro amplio catalogo tecnol\u00f3gico.[\/vc_column_text][mk_padding_divider][vc_tabs container_bg_color=\u00bb#ffffff\u00bb][vc_tab title=\u00bbBiotecnolog\u00eda\u00bb tab_id=\u00bb1477995689892-5-2&#8243;][vc_column_text]En el BIFI existen laboratorios experimentales e instalaciones para la caracterizaci\u00f3n estructural y funcional de los sistemas biol\u00f3gicos dependientes de prote\u00ednas para aplicaciones m\u00e9dicas y\/o tecnol\u00f3gicas. Trabajamos en:<\/p>\n<ul>\n<li>Estudios de control de calidad y formulaci\u00f3n de prote\u00ednas<\/li>\n<li>Clonaci\u00f3n, expresi\u00f3n y purificaci\u00f3n de prote\u00ednas<\/li>\n<li>Plegamiento de las prote\u00ednas y estabilidad<\/li>\n<li>Interacciones en prote\u00ednas (prote\u00edna-ligando, prote\u00edna-prote\u00edna, prote\u00edna-ADN, prote\u00edna-l\u00edpidos, prote\u00ednas-hidratos de carbono) y las membranas biol\u00f3gicas<\/li>\n<li>Identificaci\u00f3n de compuestos bioactivos (efectores proteicos-inhibidores y chaperones molecularares, as\u00ed como inductores de diferenciaci\u00f3n celular, muerte o apoptosis) mediante el<\/li>\n<li>desarrollo y aplicaci\u00f3n de metodolog\u00edas de alto rendimiento<\/li>\n<li>Caracterizaci\u00f3n estructural de las prote\u00ednas<\/li>\n<li>Caracterizaci\u00f3n funcional de prote\u00ednas<\/li>\n<li>Relaci\u00f3n estructura-funci\u00f3n, alosterismo y fen\u00f3meno de cooperatividad en prote\u00ednas<\/li>\n<li>Ingenier\u00eda y redise\u00f1o de la funci\u00f3n de las prote\u00ednas<\/li>\n<li>Regulaci\u00f3n g\u00e9nica y transcripci\u00f3n<\/li>\n<li>Desarrollo de biomarcadores y metodolog\u00edas de detecci\u00f3n<\/li>\n<\/ul>\n<p>Los instrumentos del BIFI est\u00e1n disponibles para sus miembros as\u00ed como para investigadores externos (por favor, p\u00f3ngase en contacto con el personal para m\u00e1s detalles):<\/p>\n<ul>\n<li>Resonancia de plasmones superficiales (Biacore T200, GE Healthcare)<\/li>\n<li>Calorimetr\u00eda de valoraci\u00f3n isot\u00e9rmica (AutoITC200, Microcal, GE Healthcare)<\/li>\n<li>Calorimetr\u00eda de valoraci\u00f3n isot\u00e9rmica (VP-ITC, Microcal, GE Healthcare)<\/li>\n<li>Calorimetr\u00eda diferencial de barrido (DSC-VP, Microcal, GE Healthcare)<\/li>\n<li>Dispersi\u00f3n est\u00e1tica y din\u00e1mica de luz (NANOSTAR DynaPro, Wyatt)<\/li>\n<li>La difracci\u00f3n de rayos X de prote\u00ednas (Bruker)<\/li>\n<li>Granja de cristalizaci\u00f3n y Robots (Janus, Formulatrix)<\/li>\n<li>Cromatograf\u00eda HPLC (Waters)<\/li>\n<li>La cromatograf\u00eda FPLC \u00c4KTA (GE Healthcare)<\/li>\n<li>Dicro\u00edsmo circular \/ Fluorescencia (Chirascan, Applied Fotof\u00edsica)<\/li>\n<li>Espectrofotometr\u00eda (Cary 100, Varian) (Nanovue, GE Healthcare)<\/li>\n<li>Fluorescencia (Cary Eclipse, Varian)<\/li>\n<li>Microscop\u00eda de fluorescencia (DMI 6000B, Leica)<\/li>\n<li>Centrifugaci\u00f3n preparativa (Avanti J-E y J-26 XP, Beckman)<\/li>\n<li>Ultracentr\u00edfuga (Optima L-100 XP, Beckman)<\/li>\n<li>Clonaci\u00f3n, mutag\u00e9nesis, expresi\u00f3n y purificaci\u00f3n de prote\u00ednas<\/li>\n<li>Lector de placas de fluorescencia (FluoDia T70, PTI)<\/li>\n<li>Fluorescencia \/ Espectrofotometr\u00eda \/ Lector de placa de luminiscencia (Synergy HT, BioTek)<\/li>\n<li>Real-Time qPCR (Mx3005P, Agilent)<\/li>\n<\/ul>\n<p>M\u00e1s informaci\u00f3n sobre las infraestructuras de aqu\u00ed.<\/p>\n<p>Contacto:<br \/>\nAdri\u00e1n Vel\u00e1zquez-Campoy (Calorimetr\u00eda, SPR, HTS): <a href=\"mailto:adrianvc@unizar.es\">adrianvc@unizar.es<\/a><br \/>\nOlga Abi\u00e1n (Espectroscopia, Cromatograf\u00eda): <a href=\"mailto:oabifra@unizar.es\">oabifra@unizar.es<\/a><br \/>\nRam\u00f3n Hurtado-Guerrero (Difracci\u00f3n de Rayos X): <a href=\"mailto:rhurtado@bifi.es\">rhurtado@bifi.es<\/a><br \/>\nJos\u00e9 Alberto Carrodeguas (Microscop\u00eda, Centrifugaci\u00f3n): <a href=\"mailto:carrode@unizar.es\">carrode@unizar.es<\/a>[\/vc_column_text][\/vc_tab][vc_tab title=\u00bbRedes Complejas\u00bb tab_id=\u00bb1478624625868-3-4&#8243;][vc_column_text]<strong>El Instituto BIFI es uno de los centros de investigaci\u00f3n m\u00e1s reconocidos en el mundo dedicados al estudio de las Redes Complejas. La actividad investigadora del Grupo COSNET (<a href=\"http:\/\/cosnet.bifi.es\">http:\/\/cosnet.bifi.es<\/a>), fundado en el a\u00f1o 2003 por el Profesor Yamir Moreno est\u00e1 orientada hacia la aplicaci\u00f3n de diferentes herramientas y m\u00e9todos de la F\u00edsica Estad\u00edstica para comprender mejor la estructura y la din\u00e1mica de los sistemas complejos, as\u00ed como al desarrollo de aplicaciones pr\u00e1cticas v\u00e1lidas para muchos fen\u00f3menos y procesos del mundo real. Los resultados obtenidos se pueden aplicar a un amplio espectro de disciplinas relacionadas con las ciencias naturales, sociales y las nuevas tecnolog\u00edas.<\/strong><\/p>\n<p>Durante los \u00faltimos a\u00f1os, uno de los problemas a los que nos hemos enfrentado debido a que los modelos propuestos por la teor\u00eda matem\u00e1tica de grafos se quedaron muy alejados de las necesidades reales, es la caracterizaci\u00f3n y modelizaci\u00f3n de la estructura de redes complejas a trav\u00e9s de nuevos conceptos y t\u00e9cnicas. Como resultado, se han identificado una serie de principios unificadores y de propiedades estad\u00edsticas comunes a la mayor\u00eda de redes reales. Por otra parte, se ha demostrado tambi\u00e9n que la arquitectura de estos sistemas est\u00e1 indisolublemente ligada al funcionamiento de los mismos. Numerosos estudios se han centrado tambi\u00e9n en un tema que aglutina a los procesos de percolaci\u00f3n y difusi\u00f3n que tienen lugar en estas redes, para intentar comprender as\u00ed una gran variedad de fen\u00f3menos que van desde la propagaci\u00f3n de enfermedades infecciosas hasta el an\u00e1lisis del flujo de informaci\u00f3n y la resistencia de las redes a determinados ataques y fallos aleatorios.<\/p>\n<p>Adem\u00e1s, existe otra rama de investigaci\u00f3n que surgi\u00f3 impulsada por los nuevos hallazgos promovidos por la modelizaci\u00f3n de las redes complejas. Esta consiste en estudiar el comportamiento de grandes sistemas din\u00e1micos que interact\u00faan a trav\u00e9s de topolog\u00edas complejas. Este inter\u00e9s en las propiedades de las unidades din\u00e1micas de las redes tiene sus ra\u00edces en la naturaleza misma de procesos y fen\u00f3menos naturales en disciplinas como la F\u00edsica, la Biolog\u00eda, la Ingenier\u00eda y la Sociolog\u00eda. De esta forma, fen\u00f3menos como la sincronizaci\u00f3n, el surgimiento de la cooperaci\u00f3n en sistemas sociales y biol\u00f3gicos, as\u00ed como la din\u00e1mica regulatoria de genes y otros procesos bioqu\u00edmicos podr\u00edan entenderse mediante el an\u00e1lisis de la estructura y la din\u00e1mica de los componentes del sistema. La expectativa es que la comprensi\u00f3n y la modelizaci\u00f3n de la estructura de una red compleja nos permita saber m\u00e1s sobre su comportamiento din\u00e1mico y funcional.<\/p>\n<p><strong>Los grandes avances en la tecnolog\u00eda de la informaci\u00f3n durante la \u00faltima d\u00e9cada han generado una gran cantidad de datos provenientes de la industria, la academia, el sector gubernamental y el sector p\u00fablico.<\/strong> Nuestra investigaci\u00f3n tiene como objetivo fundamental analizar los datos provenientes de diversas fuentes para obtener una panor\u00e1mica m\u00e1s completa de la din\u00e1mica que subyace detr\u00e1s de numerosos sistemas complejos (econ\u00f3micos, sociales, tecnol\u00f3gicos, biol\u00f3gicos, etc.), y desarrollar as\u00ed modelos en grado de predecir la misma. Hemos desarrollado las herramientas y t\u00e9cnicas necesarias para analizar estos datos, visualizarlos y difundirlos entre las partes interesadas. Estas herramientas te\u00f3ricas y computacionales tienen un impacto directo en el an\u00e1lisis de sistemas reales y son de gran utilidad para la comunidad acad\u00e9mica y para los usuarios de la industria y del sector p\u00fablico.<\/p>\n<p>Un ejemplo de nuestras capacidades para la transferencia de la innovaci\u00f3n es la creaci\u00f3n de la empresa: Kampal Data Solutions ( <a href=\"http:\/\/www.kampal.com\/\">http:\/\/www.kampal.com\/<\/a> ) cuyo modelo de negocio hace uso de nuestros de nuestros conocimientos y experiencia en redes complejas.[\/vc_column_text][\/vc_tab][vc_tab title=\u00bbComputaci\u00f3n\u00bb tab_id=\u00bb1478624886830-2-3&#8243;][vc_column_text]El BIFI es uno de los centros a nivel nacional que cuenta con m\u00e1s recursos de computaci\u00f3n al servicio de la investigaci\u00f3n.<\/p>\n<ul>\n<li>Servicios de Computaci\u00f3n de Alto Rendimiento: Potencia y Almacenamiento.<\/li>\n<li>Servicio especializado de soporte\/ayuda al usuario.<\/li>\n<li>Optimizaci\u00f3n y paralelizaci\u00f3n, Aplicaci\u00f3n y desarrollo de perfiles.<\/li>\n<li>Gesti\u00f3n de recursos HPC: monitorizaci\u00f3n, contabilidad.<\/li>\n<li>Dise\u00f1o y mantenimiento del Centro de Datos.<\/li>\n<li>Soluciones de alta disponibilidad y escalabilidad: Sistemas de archivos paralelos, arranque de la red OS.<\/li>\n<li>Tecnolog\u00edas de red en torno a HPC: Infiniband, 10GE, Myrinet.<\/li>\n<li>Gesti\u00f3n de software en entornos de supercomputaci\u00f3n: OS, MPI, etc.<\/li>\n<li>Consultor\u00eda en nuevas tendencias en Supercomputaci\u00f3n.<\/li>\n<li>Implementaci\u00f3n de soluciones h\u00edbridas, Interconexi\u00f3n de tecnolog\u00edas con software, etc.<\/li>\n<li>Recursos de Cloud Computing, infraestructuras flexibles creadas ad hoc.<\/li>\n<li>Provisi\u00f3n de almacenamiento el\u00e1stico adaptado a las demandas.<\/li>\n<li>Dise\u00f1o de infraestructuras personalizadas para servicios espec\u00edficos.<\/li>\n<li>Adaptaci\u00f3n de las infraestructuras inform\u00e1ticas actuales a las infraestructuras de Cloud Computing.<\/li>\n<li>Implementaci\u00f3n de nuevos marcos de crowdsourcing.<\/li>\n<li>Desarrollo del Sistema Web.<\/li>\n<li>Desarrollo avanzado de visualizaci\u00f3n (3D, Geolocalizaci\u00f3n, &#8230;).<\/li>\n<li>Desarrollo de realidad aumentada.<\/li>\n<li>Desarrollo de plataformas m\u00f3viles.<\/li>\n<li>Desarrollo de software de optimizaci\u00f3n de red.<\/li>\n<li>Dise\u00f1o de interfaz complejo<\/li>\n<li>Dise\u00f1o y desarrollo de ordenadores dedicados para la simulaci\u00f3n de sistemas complejos.<\/li>\n<\/ul>\n[\/vc_column_text][\/vc_tab][\/vc_tabs][vc_column_text][\/vc_column_text][\/vc_column][\/vc_row]\n<\/div>","protected":false},"excerpt":{"rendered":"<p>[mk_page_section bg_image=\u00bbhttps:\/\/bifi.es\/wp-content\/uploads\/2016\/11\/innovation_innovacion_bifi-1.jpg\u00bb bg_position=\u00bbcenter top\u00bb bg_repeat=\u00bbno-repeat\u00bb bg_stretch=\u00bbtrue\u00bb enable_3d=\u00bbtrue\u00bb video_opacity=\u00bb0.7&#8243; min_height=\u00bb400&#8243; js_vertical_centered=\u00bbtrue\u00bb padding_top=\u00bb0&#8243; top_shape_color=\u00bb#ffffff\u00bb bottom_shape_color=\u00bb#ffffff\u00bb sidebar=\u00bbsidebar-1&#8243;][vc_column][mk_fancy_title tag_name=\u00bbh1&#8243; color=\u00bb#ffffff\u00bb size=\u00bb60&#8243; force_font_size=\u00bbtrue\u00bb size_tablet=\u00bb40&#8243; size_phone=\u00bb28&#8243; font_weight=\u00bb300&#8243; txt_transform=\u00bbuppercase\u00bb letter_spacing=\u00bb2&#8243; font_family=\u00bbLato\u00bb font_type=\u00bbgoogle\u00bb align=\u00bbcenter\u00bb]Oferta Tecnol\u00f3gica.[\/mk_fancy_title][\/vc_column][\/mk_page_section][vc_row fullwidth=\u00bbtrue\u00bb][vc_column][mk_divider style=\u00bbthin_solid\u00bb thin_color_style=\u00bbgradient_color\u00bb [&hellip;]<\/p>\n","protected":false},"author":8,"featured_media":0,"parent":0,"menu_order":0,"comment_status":"closed","ping_status":"closed","template":"","meta":{"footnotes":""},"class_list":["post-2234","page","type-page","status-publish","hentry"],"_links":{"self":[{"href":"https:\/\/bifi.es\/es\/wp-json\/wp\/v2\/pages\/2234","targetHints":{"allow":["GET"]}}],"collection":[{"href":"https:\/\/bifi.es\/es\/wp-json\/wp\/v2\/pages"}],"about":[{"href":"https:\/\/bifi.es\/es\/wp-json\/wp\/v2\/types\/page"}],"author":[{"embeddable":true,"href":"https:\/\/bifi.es\/es\/wp-json\/wp\/v2\/users\/8"}],"replies":[{"embeddable":true,"href":"https:\/\/bifi.es\/es\/wp-json\/wp\/v2\/comments?post=2234"}],"version-history":[{"count":5,"href":"https:\/\/bifi.es\/es\/wp-json\/wp\/v2\/pages\/2234\/revisions"}],"predecessor-version":[{"id":3540,"href":"https:\/\/bifi.es\/es\/wp-json\/wp\/v2\/pages\/2234\/revisions\/3540"}],"wp:attachment":[{"href":"https:\/\/bifi.es\/es\/wp-json\/wp\/v2\/media?parent=2234"}],"curies":[{"name":"wp","href":"https:\/\/api.w.org\/{rel}","templated":true}]}}