{"id":2375,"date":"2016-11-01T12:35:56","date_gmt":"2016-11-01T11:35:56","guid":{"rendered":"http:\/\/new.bifi.es\/es\/people\/"},"modified":"2025-10-13T21:34:16","modified_gmt":"2025-10-13T19:34:16","slug":"equipo","status":"publish","type":"page","link":"https:\/\/bifi.es\/es\/equipo\/","title":{"rendered":"Equipo"},"content":{"rendered":"<div class=\"wpb-content-wrapper\">[mk_page_section bg_image=\u00bbhttps:\/\/bifi.es\/wp-content\/uploads\/2016\/11\/people_personal_bifi-1.jpg\u00bb bg_position=\u00bbcenter top\u00bb bg_repeat=\u00bbno-repeat\u00bb bg_stretch=\u00bbtrue\u00bb enable_3d=\u00bbtrue\u00bb video_opacity=\u00bb0.7&#8243; min_height=\u00bb400&#8243; js_vertical_centered=\u00bbtrue\u00bb padding_top=\u00bb0&#8243; top_shape_color=\u00bb#ffffff\u00bb bottom_shape_color=\u00bb#ffffff\u00bb sidebar=\u00bbsidebar-1&#8243;][vc_column][mk_fancy_title tag_name=\u00bbh1&#8243; color=\u00bb#ffffff\u00bb size=\u00bb60&#8243; force_font_size=\u00bbtrue\u00bb size_tablet=\u00bb40&#8243; size_phone=\u00bb28&#8243; font_weight=\u00bb300&#8243; txt_transform=\u00bbuppercase\u00bb letter_spacing=\u00bb2&#8243; margin_bottom=\u00bb0&#8243; font_family=\u00bbLato\u00bb font_type=\u00bbgoogle\u00bb align=\u00bbcenter\u00bb]nuestro equipo<span style=\"color: #ef5142;\">.<\/span>[\/mk_fancy_title][\/vc_column][\/mk_page_section][vc_row fullwidth=\u00bbtrue\u00bb][vc_column][mk_divider style=\u00bbthin_solid\u00bb thin_color_style=\u00bbgradient_color\u00bb thin_grandient_color_from=\u00bb#da391a\u00bb thin_grandient_color_to=\u00bb#fcd404&#8243; thin_gradient_color_angle=\u00bbhorizontal\u00bb thin_grandient_color_fallback=\u00bb#ef5241&#8243; thickness=\u00bb10&#8243; margin_top=\u00bb0&#8243; margin_bottom=\u00bb160&#8243;][\/vc_column][\/vc_row][vc_row css=\u00bb.vc_custom_1478003653139{padding-top: 0px !important;}\u00bb][vc_column width=\u00bb5\/6&#8243;][mk_fancy_title tag_name=\u00bbh4&#8243; color=\u00bb#495062&#8243; size=\u00bb45&#8243; force_font_size=\u00bbtrue\u00bb size_tablet=\u00bb40&#8243; size_phone=\u00bb30&#8243; line_height=\u00bb95&#8243; font_weight=\u00bb300&#8243; txt_transform=\u00bbnone\u00bb letter_spacing=\u00bb2&#8243; font_family=\u00bbLato\u00bb font_type=\u00bbgoogle\u00bb]El BIFI es un instituto de investigaci\u00f3n multidisciplinar consolidado que se encuentra ubicado en Zaragoza, Arag\u00f3n, Espa\u00f1a.[\/mk_fancy_title][\/vc_column][vc_column width=\u00bb1\/6&#8243;][\/vc_column][\/vc_row][vc_row][vc_column][vc_empty_space height=\u00bb40px\u00bb][\/vc_column][\/vc_row][vc_row][vc_column][vc_single_image image=\u00bb10087&#8243; img_size=\u00bbfull\u00bb onclick=\u00bblink_image\u00bb css=\u00bb\u00bb][mk_padding_divider size=\u00bb30&#8243;][\/vc_column][\/vc_row][vc_row][vc_column width=\u00bb1\/2&#8243;][vc_column_text]Desde hace m\u00e1s de una d\u00e9cada, los investigadores de nuestro Instituto se han dedicado al estudio de diversas disciplines, siempre desde una perspectiva integradora basada en los principios fundamentales de la Ciencia de los Sistemas Complejos. A lo largo de estos a\u00f1os, hemos obtenido numerosos logros y el reconocimiento social del gobierno local y de otras instituciones.[\/vc_column_text][vc_column_text]Nuestros cient\u00edficos trabajan arduamente en diferentes problemas tales como: el plegamiento de prote\u00ednas, el dise\u00f1o y desarrollo de nuevos f\u00e1rmacos, el estudio de flavoenzimas, c\u00e9lulas madre y la regulaci\u00f3n gen\u00e9tica de cianobacterias, Qu\u00edmica Cu\u00e1ntica, Biolog\u00eda Molecular, Biolog\u00eda de Sistemas, el estudio de Redes y Sistemas Complejos, la modelizaci\u00f3n f\u00edsica de biomol\u00e9culas y, por supuesto, en la ampliaci\u00f3n y el desarrollo de una potente infraestructura de computaci\u00f3n de alto rendimiento (HPC). A su vez, tambi\u00e9n contribuimos a la educaci\u00f3n y formaci\u00f3n de futuros investigadores.[\/vc_column_text][vc_column_text]Para m\u00e1s informaci\u00f3n sobre las l\u00edneas de trabajo del BIFI, por favor, dirigirse a la secci\u00f3n de la Web: \u201c<a href=\"https:\/\/bifi.es\/es\/investigacion\/\" target=\"_blank\" rel=\"noopener\">Investigaci\u00f3n<\/a>\u201d[\/vc_column_text][mk_padding_divider size=\u00bb30&#8243;][\/vc_column][vc_column width=\u00bb1\/2&#8243;][vc_video link=\u00bbhttps:\/\/www.youtube.com\/watch?v=2H4Rih2o9RU\u00bb][\/vc_column][\/vc_row][vc_row css=\u00bb.vc_custom_1480943073318{padding-bottom: 80px !important;}\u00bb][vc_column width=\u00bb1\/2&#8243;][mk_padding_divider size=\u00bb30&#8243;][\/vc_column][vc_column width=\u00bb1\/2&#8243;][\/vc_column][\/vc_row][vc_row fullwidth=\u00bbtrue\u00bb][vc_column][mk_divider style=\u00bbthin_solid\u00bb thin_color_style=\u00bbgradient_color\u00bb thin_grandient_color_from=\u00bb#da391a\u00bb thin_grandient_color_to=\u00bb#fcd404&#8243; thin_gradient_color_angle=\u00bbhorizontal\u00bb thin_grandient_color_fallback=\u00bb#ef5241&#8243; thickness=\u00bb10&#8243; margin_top=\u00bb0&#8243; margin_bottom=\u00bb160&#8243;][\/vc_column][\/vc_row][vc_row css=\u00bb.vc_custom_1478003909283{padding-bottom: 130px !important;}\u00bb][vc_column width=\u00bb1\/2&#8243;][mk_button dimension=\u00bbflat\u00bb size=\u00bbxx-large\u00bb letter_spacing=\u00bb1&#8243; url=\u00bbhttps:\/\/bifi.es\/es\/miembros-del-bifi\/\u00bb target=\u00bb_blank\u00bb align=\u00bbcenter\u00bb fullwidth=\u00bbtrue\u00bb btn_hover_bg=\u00bb#e5e5e5&#8243; btn_hover_txt_color=\u00bb#e36c11&#8243;]MIEMBROS DEL BIFI[\/mk_button][mk_padding_divider size=\u00bb30&#8243;][\/vc_column][vc_column width=\u00bb1\/2&#8243;][mk_button dimension=\u00bbflat\u00bb size=\u00bbxx-large\u00bb letter_spacing=\u00bb1&#8243; url=\u00bbhttps:\/\/bifi.es\/misc\/formulario\/index.html\u00bb target=\u00bb_blank\u00bb align=\u00bbcenter\u00bb fullwidth=\u00bbtrue\u00bb btn_hover_bg=\u00bb#e5e5e5&#8243; btn_hover_txt_color=\u00bb#e36c11&#8243;]INSCRIPCI\u00d3N BIFI[\/mk_button][\/vc_column][\/vc_row]\n<\/div>","protected":false},"excerpt":{"rendered":"<p>[mk_page_section bg_image=\u00bbhttps:\/\/bifi.es\/wp-content\/uploads\/2016\/11\/people_personal_bifi-1.jpg\u00bb bg_position=\u00bbcenter top\u00bb bg_repeat=\u00bbno-repeat\u00bb bg_stretch=\u00bbtrue\u00bb enable_3d=\u00bbtrue\u00bb video_opacity=\u00bb0.7&#8243; min_height=\u00bb400&#8243; js_vertical_centered=\u00bbtrue\u00bb padding_top=\u00bb0&#8243; top_shape_color=\u00bb#ffffff\u00bb bottom_shape_color=\u00bb#ffffff\u00bb sidebar=\u00bbsidebar-1&#8243;][vc_column][mk_fancy_title tag_name=\u00bbh1&#8243; color=\u00bb#ffffff\u00bb size=\u00bb60&#8243; force_font_size=\u00bbtrue\u00bb size_tablet=\u00bb40&#8243; size_phone=\u00bb28&#8243; font_weight=\u00bb300&#8243; txt_transform=\u00bbuppercase\u00bb letter_spacing=\u00bb2&#8243; margin_bottom=\u00bb0&#8243; font_family=\u00bbLato\u00bb font_type=\u00bbgoogle\u00bb align=\u00bbcenter\u00bb]nuestro equipo.[\/mk_fancy_title][\/vc_column][\/mk_page_section][vc_row fullwidth=\u00bbtrue\u00bb][vc_column][mk_divider style=\u00bbthin_solid\u00bb [&hellip;]<\/p>\n","protected":false},"author":8,"featured_media":0,"parent":0,"menu_order":0,"comment_status":"closed","ping_status":"closed","template":"","meta":{"footnotes":""},"class_list":["post-2375","page","type-page","status-publish","hentry"],"_links":{"self":[{"href":"https:\/\/bifi.es\/es\/wp-json\/wp\/v2\/pages\/2375","targetHints":{"allow":["GET"]}}],"collection":[{"href":"https:\/\/bifi.es\/es\/wp-json\/wp\/v2\/pages"}],"about":[{"href":"https:\/\/bifi.es\/es\/wp-json\/wp\/v2\/types\/page"}],"author":[{"embeddable":true,"href":"https:\/\/bifi.es\/es\/wp-json\/wp\/v2\/users\/8"}],"replies":[{"embeddable":true,"href":"https:\/\/bifi.es\/es\/wp-json\/wp\/v2\/comments?post=2375"}],"version-history":[{"count":13,"href":"https:\/\/bifi.es\/es\/wp-json\/wp\/v2\/pages\/2375\/revisions"}],"predecessor-version":[{"id":10099,"href":"https:\/\/bifi.es\/es\/wp-json\/wp\/v2\/pages\/2375\/revisions\/10099"}],"wp:attachment":[{"href":"https:\/\/bifi.es\/es\/wp-json\/wp\/v2\/media?parent=2375"}],"curies":[{"name":"wp","href":"https:\/\/api.w.org\/{rel}","templated":true}]}}