{"id":3925,"date":"2017-01-12T13:58:30","date_gmt":"2017-01-12T12:58:30","guid":{"rendered":"http:\/\/bifi.es\/es\/?page_id=3925"},"modified":"2023-02-15T20:57:59","modified_gmt":"2023-02-15T19:57:59","slug":"docencia","status":"publish","type":"page","link":"https:\/\/bifi.es\/es\/docencia\/","title":{"rendered":"Docencia"},"content":{"rendered":"<div class=\"wpb-content-wrapper\">[mk_page_section bg_image=\u00bbhttps:\/\/bifi.es\/wp-content\/uploads\/2017\/01\/teaching02-2-1.jpg\u00bb bg_position=\u00bbcenter top\u00bb bg_repeat=\u00bbno-repeat\u00bb bg_stretch=\u00bbtrue\u00bb enable_3d=\u00bbtrue\u00bb video_opacity=\u00bb0.7&#8243; min_height=\u00bb400&#8243; js_vertical_centered=\u00bbtrue\u00bb padding_top=\u00bb0&#8243; top_shape_color=\u00bb#ffffff\u00bb bottom_shape_color=\u00bb#ffffff\u00bb sidebar=\u00bbsidebar-1&#8243;][vc_column][mk_fancy_title tag_name=\u00bbh1&#8243; color=\u00bb#ffffff\u00bb size=\u00bb60&#8243; force_font_size=\u00bbtrue\u00bb size_tablet=\u00bb40&#8243; size_phone=\u00bb28&#8243; font_weight=\u00bb300&#8243; txt_transform=\u00bbuppercase\u00bb letter_spacing=\u00bb2&#8243; margin_bottom=\u00bb0&#8243; font_family=\u00bbLato\u00bb font_type=\u00bbgoogle\u00bb align=\u00bbcenter\u00bb]<span style=\"color: #ffffff;\">docencia<\/span><span style=\"color: #ef5142;\">.<\/span>[\/mk_fancy_title][\/vc_column][\/mk_page_section][vc_row fullwidth=\u00bbtrue\u00bb][vc_column][mk_divider style=\u00bbthin_solid\u00bb thin_color_style=\u00bbgradient_color\u00bb thin_grandient_color_from=\u00bb#da391a\u00bb thin_grandient_color_to=\u00bb#fcd404&#8243; thin_gradient_color_angle=\u00bbhorizontal\u00bb thin_grandient_color_fallback=\u00bb#ef5241&#8243; thickness=\u00bb10&#8243; margin_top=\u00bb0&#8243; margin_bottom=\u00bb160&#8243;][\/vc_column][\/vc_row][vc_row][vc_column][vc_column_text css=\u00bb.vc_custom_1676491075670{margin-bottom: 0px !important;}\u00bb]\n<p style=\"font-weight: 400;\">El M\u00e1ster Universitario en Biof\u00edsica y Biotecnolog\u00eda Cuantitativa\/Biophysics and Quantitative Biotechnology de la Universidad de Zaragoza (Espa\u00f1a) es un master aprobado por el Gobierno de Arag\u00f3n y certificado por la Agencia Espa\u00f1ola de Evaluaci\u00f3n y Acreditaci\u00f3n de Calidad (ANECA) que comenz\u00f3 a impartirse en octubre de 2017 y se convirti\u00f3 en master de referencia en el curso 2021_2022.<\/p>\n<p style=\"font-weight: 400;\">M\u00e1ster dirigido a aquellos graduados o licenciados que quieran convertirse en\u00a0<strong>EXPERTOS CUALIFICADOS<\/strong>que sean\u00a0capaces de conectar aspectos experimentales y te\u00f3ricos\u00a0y que\u00a0aborden los grandes retos de la biotecnolog\u00eda, biocomputaci\u00f3n y biomedicina moderna.<\/p>\n<p style=\"font-weight: 400;\">Este m\u00e1ster de marcado car\u00e1cter multidisciplinar e internacional, apuesta por ofrecer al alumno la oportunidad de conocer de primera mano las\u00a0<strong>OPORTUNIDADES LABORALES<\/strong>\u00a0que le ofrece tanto el mundo ACAD\u00c9MICO como el EMPRESARIAL mediante la realizaci\u00f3n de pr\u00e1cticas durante el m\u00e1ster.<\/p>\n<p style=\"font-weight: 400;\">Est\u00e1 dirigido a estudiantes con titulaciones de grado en cualquiera de los campos que contribuyen al avance de la Biotecnolog\u00eda:\u00a0<strong>Biotecnolog\u00eda, Bioqu\u00edmica, F\u00edsica, Biolog\u00eda, Qu\u00edmica, Farmacia, Medicina, Veterinaria, Ciencia y Tecnolog\u00eda de los Alimentos, Bioinform\u00e1tica, Estad\u00edstica, Matem\u00e1tica Aplicada y Ciencia de Datos<\/strong>. Se imparten asignaturas de introducci\u00f3n seg\u00fan la titulaci\u00f3n de acceso que permiten complementar los conocimientos de partida de los alumnos.<\/p>\n[\/vc_column_text][\/vc_column][\/vc_row]\n<\/div>","protected":false},"excerpt":{"rendered":"<p>[mk_page_section bg_image=\u00bbhttps:\/\/bifi.es\/wp-content\/uploads\/2017\/01\/teaching02-2-1.jpg\u00bb bg_position=\u00bbcenter top\u00bb bg_repeat=\u00bbno-repeat\u00bb bg_stretch=\u00bbtrue\u00bb enable_3d=\u00bbtrue\u00bb video_opacity=\u00bb0.7&#8243; min_height=\u00bb400&#8243; js_vertical_centered=\u00bbtrue\u00bb padding_top=\u00bb0&#8243; top_shape_color=\u00bb#ffffff\u00bb bottom_shape_color=\u00bb#ffffff\u00bb sidebar=\u00bbsidebar-1&#8243;][vc_column][mk_fancy_title tag_name=\u00bbh1&#8243; color=\u00bb#ffffff\u00bb size=\u00bb60&#8243; force_font_size=\u00bbtrue\u00bb size_tablet=\u00bb40&#8243; size_phone=\u00bb28&#8243; font_weight=\u00bb300&#8243; txt_transform=\u00bbuppercase\u00bb letter_spacing=\u00bb2&#8243; margin_bottom=\u00bb0&#8243; font_family=\u00bbLato\u00bb font_type=\u00bbgoogle\u00bb align=\u00bbcenter\u00bb]docencia.[\/mk_fancy_title][\/vc_column][\/mk_page_section][vc_row fullwidth=\u00bbtrue\u00bb][vc_column][mk_divider style=\u00bbthin_solid\u00bb thin_color_style=\u00bbgradient_color\u00bb [&hellip;]<\/p>\n","protected":false},"author":2,"featured_media":0,"parent":0,"menu_order":0,"comment_status":"closed","ping_status":"closed","template":"","meta":{"footnotes":""},"class_list":["post-3925","page","type-page","status-publish","hentry"],"_links":{"self":[{"href":"https:\/\/bifi.es\/es\/wp-json\/wp\/v2\/pages\/3925","targetHints":{"allow":["GET"]}}],"collection":[{"href":"https:\/\/bifi.es\/es\/wp-json\/wp\/v2\/pages"}],"about":[{"href":"https:\/\/bifi.es\/es\/wp-json\/wp\/v2\/types\/page"}],"author":[{"embeddable":true,"href":"https:\/\/bifi.es\/es\/wp-json\/wp\/v2\/users\/2"}],"replies":[{"embeddable":true,"href":"https:\/\/bifi.es\/es\/wp-json\/wp\/v2\/comments?post=3925"}],"version-history":[{"count":12,"href":"https:\/\/bifi.es\/es\/wp-json\/wp\/v2\/pages\/3925\/revisions"}],"predecessor-version":[{"id":7234,"href":"https:\/\/bifi.es\/es\/wp-json\/wp\/v2\/pages\/3925\/revisions\/7234"}],"wp:attachment":[{"href":"https:\/\/bifi.es\/es\/wp-json\/wp\/v2\/media?parent=3925"}],"curies":[{"name":"wp","href":"https:\/\/api.w.org\/{rel}","templated":true}]}}