{"id":5227,"date":"2019-09-04T09:59:34","date_gmt":"2019-09-04T07:59:34","guid":{"rendered":"http:\/\/bifi.es\/?page_id=5227"},"modified":"2019-09-04T10:20:51","modified_gmt":"2019-09-04T08:20:51","slug":"laboratorios-2","status":"publish","type":"page","link":"https:\/\/bifi.es\/es\/laboratorios-2\/","title":{"rendered":"Acceso"},"content":{"rendered":"<div class=\"wpb-content-wrapper\">[mk_page_section bg_image=\u00bbhttps:\/\/bifi.es\/wp-content\/uploads\/2016\/11\/infrastructures_infraestructuras_bifi-copia.jpg\u00bb bg_position=\u00bbcenter top\u00bb bg_repeat=\u00bbno-repeat\u00bb bg_stretch=\u00bbtrue\u00bb enable_3d=\u00bbtrue\u00bb video_opacity=\u00bb0.7&#8243; min_height=\u00bb400&#8243; js_vertical_centered=\u00bbtrue\u00bb padding_top=\u00bb0&#8243; top_shape_color=\u00bb#ffffff\u00bb bottom_shape_color=\u00bb#ffffff\u00bb sidebar=\u00bbsidebar-1&#8243;][vc_column][mk_fancy_title tag_name=\u00bbh1&#8243; color=\u00bb#ffffff\u00bb size=\u00bb60&#8243; force_font_size=\u00bbtrue\u00bb size_tablet=\u00bb40&#8243; size_phone=\u00bb28&#8243; font_weight=\u00bb300&#8243; txt_transform=\u00bbuppercase\u00bb letter_spacing=\u00bb2&#8243; font_family=\u00bbLato\u00bb font_type=\u00bbgoogle\u00bb align=\u00bbcenter\u00bb]<span style=\"color: #ffffff;\">Acceso<span style=\"color: #ef5142;\">.<\/span><\/span>[\/mk_fancy_title][\/vc_column][\/mk_page_section][vc_row fullwidth=\u00bbtrue\u00bb][vc_column][mk_divider style=\u00bbthin_solid\u00bb thin_color_style=\u00bbgradient_color\u00bb thin_grandient_color_from=\u00bb#da391a\u00bb thin_grandient_color_to=\u00bb#fcd404&#8243; thin_gradient_color_angle=\u00bbhorizontal\u00bb thin_grandient_color_fallback=\u00bb#da391a\u00bb thickness=\u00bb10&#8243; margin_top=\u00bb0&#8243; margin_bottom=\u00bb160&#8243;][\/vc_column][\/vc_row][vc_row][vc_column][vc_column_text css=\u00bb.vc_custom_1567585245809{margin-bottom: 0px !important;}\u00bb]Los recursos e infraestructuras experimentales y computacionales (LACRIMA y CESAR) situados en el Instituto BIFI est\u00e1n disponibles para usuarios externos autorizados.<\/p>\n<p>El acceso al edificio est\u00e1 controlado electr\u00f3nicamente a trav\u00e9s de acceso con tarjeta. Los usuarios externos ser\u00e1n informados en medidas de seguridad espec\u00edficas de cada laboratorio as\u00ed como en prevenci\u00f3n de riesgos antes y despu\u00e9s de su llegada.<\/p>\n<p>Dependiendo de la duraci\u00f3n de la estancia, los usuarios puede que necesiten hacer un curso de seguridad.<\/p>\n<p>Los usuarios externos deber\u00e1n estar siempre acompa\u00f1ados y supervisados por investigadores del BIFI.<\/p>\n<p>Para acceder a las instalaciones y obtener m\u00e1s informaci\u00f3n contactar con\u00a0Adrian Velazquez-Campoy (<a href=\"mailto:adrianvc@unizar.es\">adrianvc@unizar.es<\/a>) o David I\u00f1iguez (<a href=\"mailto:david.iniguez@bifi.es\">david.iniguez@bifi.es<\/a>), responsables de las infraestructuras LACRIMA y CESAR respectivamente.<\/p>\n<p>Para m\u00e1s informaci\u00f3n, contactar con Secretaria del BIFI (<a href=\"mailto:secretaria@bifi.es\">secretaria@bifi.es<\/a>).[\/vc_column_text][\/vc_column][\/vc_row]\n<\/div>","protected":false},"excerpt":{"rendered":"<p>[mk_page_section bg_image=\u00bbhttps:\/\/bifi.es\/wp-content\/uploads\/2016\/11\/infrastructures_infraestructuras_bifi-copia.jpg\u00bb bg_position=\u00bbcenter top\u00bb bg_repeat=\u00bbno-repeat\u00bb bg_stretch=\u00bbtrue\u00bb enable_3d=\u00bbtrue\u00bb video_opacity=\u00bb0.7&#8243; min_height=\u00bb400&#8243; js_vertical_centered=\u00bbtrue\u00bb padding_top=\u00bb0&#8243; top_shape_color=\u00bb#ffffff\u00bb bottom_shape_color=\u00bb#ffffff\u00bb sidebar=\u00bbsidebar-1&#8243;][vc_column][mk_fancy_title tag_name=\u00bbh1&#8243; color=\u00bb#ffffff\u00bb size=\u00bb60&#8243; force_font_size=\u00bbtrue\u00bb size_tablet=\u00bb40&#8243; size_phone=\u00bb28&#8243; font_weight=\u00bb300&#8243; txt_transform=\u00bbuppercase\u00bb letter_spacing=\u00bb2&#8243; font_family=\u00bbLato\u00bb font_type=\u00bbgoogle\u00bb align=\u00bbcenter\u00bb]Acceso.[\/mk_fancy_title][\/vc_column][\/mk_page_section][vc_row fullwidth=\u00bbtrue\u00bb][vc_column][mk_divider style=\u00bbthin_solid\u00bb thin_color_style=\u00bbgradient_color\u00bb thin_grandient_color_from=\u00bb#da391a\u00bb [&hellip;]<\/p>\n","protected":false},"author":8,"featured_media":0,"parent":0,"menu_order":0,"comment_status":"closed","ping_status":"closed","template":"","meta":{"footnotes":""},"class_list":["post-5227","page","type-page","status-publish","hentry"],"_links":{"self":[{"href":"https:\/\/bifi.es\/es\/wp-json\/wp\/v2\/pages\/5227","targetHints":{"allow":["GET"]}}],"collection":[{"href":"https:\/\/bifi.es\/es\/wp-json\/wp\/v2\/pages"}],"about":[{"href":"https:\/\/bifi.es\/es\/wp-json\/wp\/v2\/types\/page"}],"author":[{"embeddable":true,"href":"https:\/\/bifi.es\/es\/wp-json\/wp\/v2\/users\/8"}],"replies":[{"embeddable":true,"href":"https:\/\/bifi.es\/es\/wp-json\/wp\/v2\/comments?post=5227"}],"version-history":[{"count":3,"href":"https:\/\/bifi.es\/es\/wp-json\/wp\/v2\/pages\/5227\/revisions"}],"predecessor-version":[{"id":5236,"href":"https:\/\/bifi.es\/es\/wp-json\/wp\/v2\/pages\/5227\/revisions\/5236"}],"wp:attachment":[{"href":"https:\/\/bifi.es\/es\/wp-json\/wp\/v2\/media?parent=5227"}],"curies":[{"name":"wp","href":"https:\/\/api.w.org\/{rel}","templated":true}]}}